{"id":70,"date":"2021-10-07T18:37:32","date_gmt":"2021-10-07T18:37:32","guid":{"rendered":"http:\/\/labo.univ-djelfa.dz\/ldmm\/?page_id=70"},"modified":"2021-10-31T19:53:49","modified_gmt":"2021-10-31T19:53:49","slug":"membres","status":"publish","type":"page","link":"http:\/\/labo.univ-djelfa.dz\/ldmm\/?page_id=70","title":{"rendered":"Membres"},"content":{"rendered":"\n<p class=\"has-vivid-purple-color has-text-color has-medium-font-size\"><strong>Equipe 1 : MCS | Mod\u00e9lisation en Calcul de Structures<\/strong><\/p>\n\n\n\n<p class=\"has-black-color has-text-color has-medium-font-size\"><strong><u>Chef d\u2019\u00e9quipe:<\/u><\/strong> <span style=\"color:#cf2e2e\" class=\"tadv-color\"><strong>Brahim El Khalil HACHI<\/strong> <\/span><sup><em><strong>Professeur<\/strong><\/em><\/sup><\/p>\n\n\n\n<p class=\"has-cyan-bluish-gray-color has-text-color has-small-font-size\"><span style=\"color:#709c16\" class=\"tadv-color\">br_khalil@yahoo.fr | +213<\/span><\/p>\n\n\n\n<p class=\"has-drop-cap has-small-font-size\"><span style=\"color:#9b51e0\" class=\"tadv-color\"><strong><em>Pr\u00e9sentation<\/em><\/strong> :<br><\/span>L\u2019activit\u00e9 principale de l\u2019\u00e9quipe \u00e9tant la Mod\u00e9lisation en M\u00e9canique de la rupture et Endommagement traitant la fissuration comme l\u2019un des modes de ruine en m\u00e9canique des solides les plus dangereux. L\u2019apparition de la fissuration dans les structures solides est un danger essentiel \u00e0 prendre en compte lors de leur conception \u00e0 c\u00f4t\u00e9 d\u2019autres modes comme la ruine par d\u00e9formation plastique, flambement, fluage, corrosion \u2026etc. La fissuration prend en compte l\u2019existence de d\u00e9fauts comme des inclusions ou des vides dans le mat\u00e9riau ou encore des zones d\u2019endommagement \u00e0 partir desquels des fissures vont s\u2019initier puis se propager pour parvenir \u00e0 une taille provoquant la ruine de la structure. Dans cet axe de recherche, seules les fissurations quasi-statiques et par fatigue seront consid\u00e9r\u00e9es.<\/p>\n\n\n\n<hr class=\"wp-block-separator\"\/>\n\n\n\n<figure class=\"wp-block-table is-style-stripes\"><table class=\"has-very-light-gray-to-cyan-bluish-gray-gradient-background has-background\"><tbody><tr><td>Enseignants chercheurs :<\/td><\/tr><\/tbody><\/table><\/figure>\n\n\n\n<figure class=\"wp-block-table\"><table class=\"has-black-color has-text-color has-background has-fixed-layout\" style=\"background:linear-gradient(135deg,rgb(255,255,255) 0%,rgb(182,227,212) 56%,rgb(240,241,249) 100%)\"><thead><tr><th><span style=\"color:#ffffff\" class=\"tadv-color\"> Prenom et Nom <\/span><\/th><th> <span style=\"color:#ffffff\" class=\"tadv-color\">Grade <\/span><\/th><th><span style=\"color:#ffffff\" class=\"tadv-color\"> Em@il <\/span><\/th><th> <span style=\"color:#ffffff\" class=\"tadv-color\">Tel <\/span><\/th><\/tr><\/thead><tbody><tr><td>Dahmane Hachi <\/td><td>Ma\u00eetre Assistant \u2013 MAA <\/td><td><\/td><td><\/td><\/tr><tr><td>Mohammed Riad KIRED<\/td><td>Ma\u00eetre de conf\u00e9rences MCB<\/td><td><\/td><td><\/td><\/tr><tr><td>Mustafa MOUSSAOUI<\/td><td>Ma\u00eetre de conf\u00e9rences MCA<\/td><td><\/td><td><\/td><\/tr><tr><td>Hadi TAIBI<\/td><td>Ma\u00eetre de conf\u00e9rences MCA <\/td><td><\/td><td><\/td><\/tr><\/tbody><\/table><\/figure>\n\n\n\n<figure class=\"wp-block-table is-style-stripes\"><table class=\"has-very-light-gray-to-cyan-bluish-gray-gradient-background has-background\"><tbody><tr><td>Doctorants :<\/td><\/tr><\/tbody><\/table><\/figure>\n\n\n\n<figure class=\"wp-block-table is-style-regular\"><table class=\"has-black-color has-text-color has-background has-fixed-layout\" style=\"background:linear-gradient(135deg,rgb(255,255,255) 0%,rgb(182,227,212) 56%,rgb(240,241,249) 100%)\"><thead><tr><th><span style=\"color:#ffffff\" class=\"tadv-color\"> Prenom et Nom <\/span><\/th><th><span style=\"color:#ffffff\" class=\"tadv-color\"> Em@il <\/span><\/th><th> <span style=\"color:#ffffff\" class=\"tadv-color\">Tel <\/span><\/th><\/tr><\/thead><tbody><tr><td>Abdelfattah Elhadj BENKHECHIBA<\/td><td><\/td><td><\/td><\/tr><tr><td>Mehdi BOUDOUH<\/td><td><\/td><td><\/td><\/tr><tr><td>Hamza DJELOUD<\/td><td><\/td><td><\/td><\/tr><tr><td>Souad ZERGOT<\/td><td><\/td><td><\/td><\/tr><\/tbody><\/table><\/figure>\n\n\n\n<hr class=\"wp-block-separator\"\/>\n\n\n\n<p class=\"has-vivid-purple-color has-text-color has-medium-font-size\"><strong>Equipe 2 : GMMS | G\u00e9omat\u00e9riaux et Mod\u00e9lisation en M\u00e9canique des Sols<\/strong><\/p>\n\n\n\n<p class=\"has-black-color has-text-color has-medium-font-size\"><strong><u>Chef d\u2019\u00e9quipe:<\/u><\/strong> <span style=\"color:#cf2e2e\" class=\"tadv-color\"><strong>Boubaker BENCHEIKH<\/strong> <\/span><sup><em><strong>Ma\u00eetre de conf\u00e9rences<\/strong><\/em><\/sup> &#8211; <sup><em><strong>MCA<\/strong><\/em><\/sup><\/p>\n\n\n\n<p class=\"has-drop-cap has-small-font-size\"><span style=\"color:#9b51e0\" class=\"tadv-color\"><strong><em>Pr\u00e9sentation<\/em><\/strong> :<br><\/span>Les activit\u00e9s de recherche de cette \u00e9quipe touchent deux grands axes de la Mod\u00e9lisation en G\u00e9omat\u00e9riaux et en M\u00e9canique des Sols. Le premier axe \u00e9tant la Mod\u00e9lisation des comportements des Sols sous chargement Monotones et Cycliques et le deuxi\u00e8me concerne la Mod\u00e9lisation du contact et de l\u2019interaction des Sols avec les Structures. On s\u2019int\u00e9resse dans ces axes de recherche \u00e0 mod\u00e9liser les milieux \u00e9tudi\u00e9s aussi bien physiquement (exp\u00e9rimentalement) que th\u00e9oriquement (d\u00e9veloppement des lois de comportement). Ces travaux de Mod\u00e9lisation vont \u00eatre concr\u00e9tis\u00e9s \u00e0 travers leurs int\u00e9grations dans des codes de calcul bas\u00e9s principalement sur la m\u00e9thode des \u00e9l\u00e9ments finis.<\/p>\n\n\n\n<figure class=\"wp-block-table is-style-stripes\"><table class=\"has-very-light-gray-to-cyan-bluish-gray-gradient-background has-background\"><tbody><tr><td>Enseignants chercheurs :<\/td><\/tr><\/tbody><\/table><\/figure>\n\n\n\n<figure class=\"wp-block-table is-style-regular\"><table class=\"has-black-color has-text-color has-background has-fixed-layout\" style=\"background:linear-gradient(135deg,rgb(255,255,255) 0%,rgb(182,227,212) 56%,rgb(240,241,249) 100%)\"><thead><tr><th><span style=\"color:#ffffff\" class=\"tadv-color\"> Prenom et Nom <\/span><\/th><th> <span style=\"color:#ffffff\" class=\"tadv-color\">Grade <\/span><\/th><th><span style=\"color:#ffffff\" class=\"tadv-color\"> Em@il <\/span><\/th><th> <span style=\"color:#ffffff\" class=\"tadv-color\">Tel <\/span><\/th><\/tr><\/thead><tbody><tr><td>Nafiaa ABDELMADJID<\/td><td>Ma\u00eetre Assistant \u2013 MAA<\/td><td><\/td><td><\/td><\/tr><tr><td>Naas ALLOUT<\/td><td>Ma\u00eetre Assistant \u2013 MAA<\/td><td><\/td><td><\/td><\/tr><tr><td>Boulanoir AZZOUZI<\/td><td>Ma\u00eetre de conf\u00e9rences MCB<\/td><td><\/td><td><\/td><\/tr><tr><td>Abderrahmane GHRIEB<\/td><td>Ma\u00eetre de conf\u00e9rences MCA <\/td><td><\/td><td><\/td><\/tr><tr><td>Youcef KISSMOUNE<\/td><td>Ma\u00eetre Assistant MAA  <\/td><td><\/td><td><\/td><\/tr><\/tbody><\/table><\/figure>\n\n\n\n<figure class=\"wp-block-table is-style-stripes\"><table class=\"has-very-light-gray-to-cyan-bluish-gray-gradient-background has-background\"><tbody><tr><td>Doctorants :<\/td><\/tr><\/tbody><\/table><\/figure>\n\n\n\n<figure class=\"wp-block-table is-style-regular\"><table class=\"has-black-color has-text-color has-background has-fixed-layout\" style=\"background:linear-gradient(135deg,rgb(255,255,255) 0%,rgb(182,227,212) 56%,rgb(240,241,249) 100%)\"><thead><tr><th><span style=\"color:#ffffff\" class=\"tadv-color\"> Prenom et Nom <\/span><\/th><th><span style=\"color:#ffffff\" class=\"tadv-color\"> Em@il <\/span><\/th><th> <span style=\"color:#ffffff\" class=\"tadv-color\">Tel <\/span><\/th><\/tr><\/thead><tbody><tr><td>Hamza BOUHALI<\/td><td><\/td><td><\/td><\/tr><\/tbody><\/table><\/figure>\n\n\n\n<hr class=\"wp-block-separator\"\/>\n\n\n\n<p class=\"has-vivid-purple-color has-text-color has-medium-font-size\"><strong>Equipe 3 : MMFHE | Mod\u00e9lisation en M\u00e9canique des Fluides, en Hydraulique et en Energ\u00e9tique<\/strong><\/p>\n\n\n\n<p class=\"has-black-color has-text-color has-medium-font-size\"><strong><u>Chef d\u2019\u00e9quipe:<\/u><\/strong> <span style=\"color:#cf2e2e\" class=\"tadv-color\"><strong>Yahia LASBET<\/strong> <\/span><sup><em><strong>Professeur<\/strong><\/em><\/sup><\/p>\n\n\n\n<p class=\"has-drop-cap has-small-font-size\"><span style=\"color:#9b51e0\" class=\"tadv-color\"><strong><em>Pr\u00e9sentation<\/em><\/strong> :<br><\/span>Les ressources fossiles constituent la principale source d\u2019\u00e9nergie de la plan\u00e8te. Leur consommation croissante, leur caract\u00e8re limit\u00e9 et leur rar\u00e9faction pr\u00e9vue \u00e0 moyen terme ainsi que leur impact non n\u00e9gligeable sur l\u2019environnent ont encourag\u00e9 les recherches sur des \u00e9nergies renouvelables, nouvelles et propres. Malgr\u00e9 sa importante r\u00e9serve en hydrocarbures, et dans le cadre d\u2019une strat\u00e9gie \u00e9conomique durable, l\u2019Alg\u00e9rie donne un grand int\u00e9r\u00eat \u00e0 ce type de pr\u00e9occupation vu qu\u2019elle dispose de ressources naturelles consid\u00e9rables en terme d\u2019\u00e9nergie renouvelable notamment l\u2019\u00e9nergie solaire et \u00e9olienne. Cette \u00e9quipe s\u2019int\u00e9resse \u00e0 cette th\u00e9matique de point de vue conversion d\u2019\u00e9nergie. Il s\u2019agit d\u2019\u00e9tudier les diff\u00e9rents m\u00e9canismes de la gestion thermique au sein des stations de production d\u2019\u00e9nergie afin de trouver les solutions de conception les plus optimales. Le travail dans le cadre de cet axe ne sera pas limit\u00e9 aux \u00e9nergies d\u2019origine naturelle mais il va s\u2019\u00e9tendre \u00e0 celles d\u2019origine chimique telle que la pile \u00e0 combustibles.<\/p>\n\n\n\n<figure class=\"wp-block-table is-style-stripes\"><table class=\"has-very-light-gray-to-cyan-bluish-gray-gradient-background has-background\"><tbody><tr><td>Enseignants chercheurs :<\/td><\/tr><\/tbody><\/table><\/figure>\n\n\n\n<figure class=\"wp-block-table is-style-regular\"><table class=\"has-black-color has-text-color has-background has-fixed-layout\" style=\"background:linear-gradient(135deg,rgb(255,255,255) 0%,rgb(182,227,212) 56%,rgb(240,241,249) 100%)\"><thead><tr><th><span style=\"color:#ffffff\" class=\"tadv-color\"> Prenom et Nom <\/span><\/th><th><span style=\"color:#ffffff\" class=\"tadv-color\"> Grade <\/span><\/th><th><span style=\"color:#ffffff\" class=\"tadv-color\"> Em@il <\/span><\/th><th> <span style=\"color:#ffffff\" class=\"tadv-color\">Tel <\/span><\/th><\/tr><\/thead><tbody><tr><td>Lakhdar AIDAOUI<\/td><td>Ma\u00eetre de conf\u00e9rences MCA <\/td><td><\/td><td><\/td><\/tr><tr><td>Ahmed Lamine BOUKHALKHAL<\/td><td>Ma\u00eetre de conf\u00e9rences MCA <\/td><td><\/td><td><\/td><\/tr><tr><td>Cheikh KEZRANE<\/td><td>Ma\u00eetre de conf\u00e9rences MCA <\/td><td><\/td><td><\/td><\/tr><tr><td>Mustapha MOUSSAOUI<\/td><td>Ma\u00eetre de conf\u00e9rences MCA <\/td><td><\/td><td><\/td><\/tr><tr><td>Youcef KISSMOUNE<\/td><td>Ma\u00eetre de conf\u00e9rences MCA  <\/td><td><\/td><td><\/td><\/tr><\/tbody><\/table><\/figure>\n\n\n\n<figure class=\"wp-block-table is-style-stripes\"><table class=\"has-very-light-gray-to-cyan-bluish-gray-gradient-background has-background\"><tbody><tr><td>Doctorants :<\/td><\/tr><\/tbody><\/table><\/figure>\n\n\n\n<figure class=\"wp-block-table is-style-regular\"><table class=\"has-black-color has-text-color has-background has-fixed-layout\" style=\"background:linear-gradient(135deg,rgb(255,255,255) 0%,rgb(182,227,212) 56%,rgb(240,241,249) 100%)\"><thead><tr><th><span style=\"color:#ffffff\" class=\"tadv-color\"> Prenom et Nom <\/span><\/th><th><span style=\"color:#ffffff\" class=\"tadv-color\"> Em@il <\/span><\/th><th> <span style=\"color:#ffffff\" class=\"tadv-color\">Tel <\/span><\/th><\/tr><\/thead><tbody><tr><td>Ayoub Youcef LAOUID<\/td><td><\/td><td><\/td><\/tr><\/tbody><\/table><\/figure>\n\n\n\n<hr class=\"wp-block-separator\"\/>\n\n\n\n<p class=\"has-vivid-purple-color has-text-color has-medium-font-size\"><strong>Equipe 4 : DMD | D\u00e9veloppement en Mat\u00e9riaux et Durabilit\u00e9<\/strong><\/p>\n\n\n\n<p class=\"has-black-color has-text-color has-medium-font-size\"><strong><u>Chef d\u2019\u00e9quipe:<\/u><\/strong> <span style=\"color:#cf2e2e\" class=\"tadv-color\"><strong>Mohamed BADAOUI<\/strong> <\/span><sup><em><strong>Ma\u00eetre de conf\u00e9rences &#8211; MCA<\/strong><\/em><\/sup><\/p>\n\n\n\n<p class=\"has-cyan-bluish-gray-color has-text-color has-small-font-size\"><span style=\"color:#709c16\" class=\"tadv-color\">badaoui.mohamed@yahoo.fr | +213671707174<\/span><\/p>\n\n\n\n<p class=\"has-drop-cap has-small-font-size\"><span style=\"color:#9b51e0\" class=\"tadv-color\"><strong><em>Pr\u00e9sentation<\/em><\/strong> :<br><\/span>Les travaux men\u00e9s par l\u2019\u00e9quipe D\u00e9veloppement en Mat\u00e9riaux et Durabilit\u00e9 (DMD) ont pour objectif de r\u00e9pondre \u00e0 un ensemble de probl\u00e9matiques li\u00e9es \u00e0 l\u2019exploitation des mat\u00e9riaux de la r\u00e9gion. L\u2019axe principal \u00e9tant la Valorisation des Mat\u00e9riaux de Construction locaux et D\u00e9veloppement en Mat\u00e9riaux Innovants et leur utilisation dans la construction des \u00e9difices et des ouvrages stables, durables et \u00e9conomiques.<\/p>\n\n\n\n<figure class=\"wp-block-table is-style-stripes\"><table class=\"has-very-light-gray-to-cyan-bluish-gray-gradient-background has-background\"><tbody><tr><td>Enseignants chercheurs :<\/td><\/tr><\/tbody><\/table><\/figure>\n\n\n\n<figure class=\"wp-block-table is-style-regular\"><table class=\"has-black-color has-text-color has-background has-fixed-layout\" style=\"background:linear-gradient(135deg,rgb(255,255,255) 0%,rgb(182,227,212) 56%,rgb(240,241,249) 100%)\"><thead><tr><th><span style=\"color:#ffffff\" class=\"tadv-color\"> Prenom et Nom <\/span><\/th><th> <span style=\"color:#ffffff\" class=\"tadv-color\">Grade <\/span><\/th><th><span style=\"color:#ffffff\" class=\"tadv-color\"> Em@il <\/span><\/th><th><span style=\"color:#ffffff\" class=\"tadv-color\"> Tel <\/span><\/th><\/tr><\/thead><tbody><tr><td>Mustapha AMER<\/td><td>Ma\u00eetre Assistant \u2013 MAA<\/td><td><\/td><td><\/td><\/tr><tr><td>Nacira BELKHEIRI<\/td><td>Ma\u00eetre Assistant \u2013 MAA<\/td><td><\/td><td><\/td><\/tr><tr><td>Baizid BENAHMED<\/td><td>Ma\u00eetre de conf\u00e9rences MCA <\/td><td><\/td><td><\/td><\/tr><tr><td>Taha Hocine DOUARA<\/td><td>Ma\u00eetre de conf\u00e9rences MCA <\/td><td><\/td><td><\/td><\/tr><tr><td>Lazhar HARICHE<\/td><td>Ma\u00eetre de conf\u00e9rences MCA  <\/td><td><\/td><td><\/td><\/tr><tr><td>Said KORIGA<\/td><td>Ma\u00eetre de conf\u00e9rences MCB<\/td><td><\/td><td><\/td><\/tr><tr><td>Khaira Camilia NEHAR<\/td><td>Ma\u00eetre de conf\u00e9rences MCB<\/td><td><\/td><td><\/td><\/tr><tr><td>Mohamed OMRANE<\/td><td>Ma\u00eetre de conf\u00e9rences MCA<\/td><td><\/td><td><\/td><\/tr><\/tbody><\/table><\/figure>\n\n\n\n<figure class=\"wp-block-table is-style-stripes\"><table class=\"has-very-light-gray-to-cyan-bluish-gray-gradient-background has-background\"><tbody><tr><td>Doctorants :<\/td><\/tr><\/tbody><\/table><\/figure>\n\n\n\n<figure class=\"wp-block-table is-style-regular\"><table class=\"has-black-color has-text-color has-background has-fixed-layout\" style=\"background:linear-gradient(135deg,rgb(255,255,255) 0%,rgb(182,227,212) 56%,rgb(240,241,249) 100%)\"><thead><tr><th><span style=\"color:#ffffff\" class=\"tadv-color\"> Prenom et Nom <\/span><\/th><th><span style=\"color:#ffffff\" class=\"tadv-color\"> Em@il <\/span><\/th><th><span style=\"color:#ffffff\" class=\"tadv-color\"> Tel <\/span><\/th><\/tr><\/thead><tbody><tr><td>Mohammed ABDELLAOUI<\/td><td><\/td><td><\/td><\/tr><tr><td>Abderrahmane DOUKANI<\/td><td><\/td><td><\/td><\/tr><\/tbody><\/table><\/figure>\n","protected":false},"excerpt":{"rendered":"<p>Equipe 1 : MCS | Mod\u00e9lisation en Calcul de Structures Chef d\u2019\u00e9quipe: Brahim El Khalil HACHI Professeur br_khalil@yahoo.fr | +213 Pr\u00e9sentation :L\u2019activit\u00e9 principale de l\u2019\u00e9quipe \u00e9tant la Mod\u00e9lisation en M\u00e9canique de la rupture et Endommagement traitant la fissuration comme l\u2019un des modes de ruine en m\u00e9canique des solides les plus dangereux. L\u2019apparition de la fissuration [&hellip;]<\/p>\n","protected":false},"author":1,"featured_media":0,"parent":0,"menu_order":0,"comment_status":"closed","ping_status":"closed","template":"","meta":{"footnotes":""},"_links":{"self":[{"href":"http:\/\/labo.univ-djelfa.dz\/ldmm\/index.php?rest_route=\/wp\/v2\/pages\/70"}],"collection":[{"href":"http:\/\/labo.univ-djelfa.dz\/ldmm\/index.php?rest_route=\/wp\/v2\/pages"}],"about":[{"href":"http:\/\/labo.univ-djelfa.dz\/ldmm\/index.php?rest_route=\/wp\/v2\/types\/page"}],"author":[{"embeddable":true,"href":"http:\/\/labo.univ-djelfa.dz\/ldmm\/index.php?rest_route=\/wp\/v2\/users\/1"}],"replies":[{"embeddable":true,"href":"http:\/\/labo.univ-djelfa.dz\/ldmm\/index.php?rest_route=%2Fwp%2Fv2%2Fcomments&post=70"}],"version-history":[{"count":34,"href":"http:\/\/labo.univ-djelfa.dz\/ldmm\/index.php?rest_route=\/wp\/v2\/pages\/70\/revisions"}],"predecessor-version":[{"id":414,"href":"http:\/\/labo.univ-djelfa.dz\/ldmm\/index.php?rest_route=\/wp\/v2\/pages\/70\/revisions\/414"}],"wp:attachment":[{"href":"http:\/\/labo.univ-djelfa.dz\/ldmm\/index.php?rest_route=%2Fwp%2Fv2%2Fmedia&parent=70"}],"curies":[{"name":"wp","href":"https:\/\/api.w.org\/{rel}","templated":true}]}}