{"id":442,"date":"2021-10-31T20:40:09","date_gmt":"2021-10-31T20:40:09","guid":{"rendered":"http:\/\/labo.univ-djelfa.dz\/ldmm\/?page_id=442"},"modified":"2021-10-31T21:04:11","modified_gmt":"2021-10-31T21:04:11","slug":"equipe-4-dmd-developpement-en-materiaux-et-durabilite","status":"publish","type":"page","link":"http:\/\/labo.univ-djelfa.dz\/ldmm\/?page_id=442","title":{"rendered":"Equipe 4 : DMD"},"content":{"rendered":"\n<p class=\"has-vivid-purple-color has-text-color has-medium-font-size\"><strong>Equipe 4 : DMD | D\u00e9veloppement en Mat\u00e9riaux et Durabilit\u00e9<\/strong><\/p>\n\n\n\n<p class=\"has-black-color has-text-color has-medium-font-size\"><strong><u>Chef d\u2019\u00e9quipe:<\/u><\/strong> <span style=\"color:#cf2e2e\" class=\"tadv-color\"><strong>Mohamed BADAOUI<\/strong> <\/span><sup><em><strong>Ma\u00eetre de conf\u00e9rences &#8211; MCA<\/strong><\/em><\/sup><\/p>\n\n\n\n<p class=\"has-cyan-bluish-gray-color has-text-color has-small-font-size\"><span style=\"color:#709c16\" class=\"tadv-color\">badaoui.mohamed@yahoo.fr | +213671707174<\/span><\/p>\n\n\n\n<p class=\"has-drop-cap has-small-font-size\"><span style=\"color:#9b51e0\" class=\"tadv-color\"><strong><em>Pr\u00e9sentation<\/em><\/strong> :<br><\/span>Les travaux men\u00e9s par l\u2019\u00e9quipe D\u00e9veloppement en Mat\u00e9riaux et Durabilit\u00e9 (DMD) ont pour objectif de r\u00e9pondre \u00e0 un ensemble de probl\u00e9matiques li\u00e9es \u00e0 l\u2019exploitation des mat\u00e9riaux de la r\u00e9gion. L\u2019axe principal \u00e9tant la Valorisation des Mat\u00e9riaux de Construction locaux et D\u00e9veloppement en Mat\u00e9riaux Innovants et leur utilisation dans la construction des \u00e9difices et des ouvrages stables, durables et \u00e9conomiques.<\/p>\n\n\n\n<figure class=\"wp-block-table is-style-stripes\"><table class=\"has-very-light-gray-to-cyan-bluish-gray-gradient-background has-background\"><tbody><tr><td>Enseignants chercheurs :<\/td><\/tr><\/tbody><\/table><\/figure>\n\n\n\n<figure class=\"wp-block-table is-style-regular\"><table class=\"has-black-color has-text-color has-background has-fixed-layout\" style=\"background:linear-gradient(135deg,rgb(255,255,255) 0%,rgb(182,227,212) 56%,rgb(240,241,249) 100%)\"><thead><tr><th><span style=\"color:#ffffff\" class=\"tadv-color\"> Prenom et Nom <\/span><\/th><th> <span style=\"color:#ffffff\" class=\"tadv-color\">Grade <\/span><\/th><th><span style=\"color:#ffffff\" class=\"tadv-color\"> Em@il <\/span><\/th><th><span style=\"color:#ffffff\" class=\"tadv-color\"> Tel <\/span><\/th><\/tr><\/thead><tbody><tr><td>Mustapha AMER<\/td><td>Ma\u00eetre Assistant \u2013 MAA<\/td><td><\/td><td><\/td><\/tr><tr><td>Nacira BELKHEIRI<\/td><td>Ma\u00eetre Assistant \u2013 MAA<\/td><td><\/td><td><\/td><\/tr><tr><td>Baizid BENAHMED<\/td><td>Ma\u00eetre de conf\u00e9rences MCA <\/td><td><\/td><td><\/td><\/tr><tr><td>Taha Hocine DOUARA<\/td><td>Ma\u00eetre de conf\u00e9rences MCA <\/td><td><\/td><td><\/td><\/tr><tr><td>Lazhar HARICHE<\/td><td>Ma\u00eetre de conf\u00e9rences MCA  <\/td><td><\/td><td><\/td><\/tr><tr><td>Said KORIGA<\/td><td>Ma\u00eetre de conf\u00e9rences MCB<\/td><td><\/td><td><\/td><\/tr><tr><td>Khaira Camilia NEHAR<\/td><td>Ma\u00eetre de conf\u00e9rences MCB<\/td><td><\/td><td><\/td><\/tr><tr><td>Mohamed OMRANE<\/td><td>Ma\u00eetre de conf\u00e9rences MCA<\/td><td><\/td><td><\/td><\/tr><\/tbody><\/table><\/figure>\n\n\n\n<figure class=\"wp-block-table is-style-stripes\"><table class=\"has-very-light-gray-to-cyan-bluish-gray-gradient-background has-background\"><tbody><tr><td>Doctorants :<\/td><\/tr><\/tbody><\/table><\/figure>\n\n\n\n<figure class=\"wp-block-table is-style-regular\"><table class=\"has-black-color has-text-color has-background has-fixed-layout\" style=\"background:linear-gradient(135deg,rgb(255,255,255) 0%,rgb(182,227,212) 56%,rgb(240,241,249) 100%)\"><thead><tr><th><span style=\"color:#ffffff\" class=\"tadv-color\"> Prenom et Nom <\/span><\/th><th><span style=\"color:#ffffff\" class=\"tadv-color\"> Em@il <\/span><\/th><th><span style=\"color:#ffffff\" class=\"tadv-color\"> Tel <\/span><\/th><\/tr><\/thead><tbody><tr><td>Mohammed ABDELLAOUI<\/td><td><\/td><td><\/td><\/tr><tr><td>Abderrahmane DOUKANI<\/td><td><\/td><td><\/td><\/tr><\/tbody><\/table><\/figure>\n\n\n\n<figure class=\"wp-block-table is-style-stripes\"><table class=\"has-very-light-gray-to-cyan-bluish-gray-gradient-background has-background\"><tbody><tr><td>Projets :<\/td><\/tr><\/tbody><\/table><\/figure>\n\n\n\n<p><strong>PRFU: <\/strong>Contribution aux m\u00e9thodes de choix des acc\u00e9l\u00e9rogrammes pour une \u00e9tude dynamique temporelle &#8211; Cas des R\u00e8gles Parasismiques Alg\u00e9riennes (RPA99 v2003)<\/p>\n\n\n\n<figure class=\"wp-block-table is-style-stripes\"><table class=\"has-very-light-gray-to-cyan-bluish-gray-gradient-background has-background\"><tbody><tr><td>Publications :<\/td><\/tr><\/tbody><\/table><\/figure>\n\n\n\n<div class=\"wp-block-columns is-layout-flex wp-container-core-columns-is-layout-1 wp-block-columns-is-layout-flex\">\n<div class=\"wp-block-column is-layout-flow wp-block-column-is-layout-flow\" style=\"flex-basis:100px\">\n<p class=\"has-text-align-center has-medium-font-size\"><\/p>\n\n\n\n<p><\/p>\n\n\n\n<p><\/p>\n\n\n\n<p><\/p>\n\n\n\n<p><\/p>\n\n\n\n<p><\/p>\n\n\n\n<p><\/p>\n\n\n\n<p><\/p>\n\n\n\n<p><\/p>\n\n\n\n<p class=\"has-text-align-center has-medium-font-size\"> <\/p>\n<\/div>\n\n\n\n<div class=\"wp-block-column is-layout-flow wp-block-column-is-layout-flow\" style=\"flex-basis:500px\">\n<p class=\"has-text-align-center has-vivid-red-color has-text-color has-medium-font-size\">2021<\/p>\n\n\n\n<p>Lazhar HARICHE, Baizid BENAHMED. Abbas MOUSTAFA.<br><span style=\"color:#0693e3\" class=\"tadv-color\"><strong>Response spectrum with uncertain damping using Artificial Neural Networks. International Journal of Engineering Research in Africa. <\/strong><\/span><br>Vol. 56, pp 136-144, 2021<\/p>\n\n\n\n<p>NEHAR, K. C., BENAMARA, D.<br><strong><span style=\"color:#0693e3\" class=\"tadv-color\">Experimental study and modeling of the mechanical behavior of recycled aggregates-based high-strength concrete.<\/span><\/strong><br>Fratturaed Integrit\u00e0 Strutturale, vol. 15 (56), p. 203-216.<br>2021<\/p>\n\n\n\n<p>NEHAR, K. C.<br><span style=\"color:#0693e3\" class=\"tadv-color\"><strong>Spectral modal modeling by FEM of reinforced concrete framed buildings irregular in elevation.<\/strong><\/span><br>International Review of Applied Sciences and Engineering, vol. 21 (2), p. 183 \u2013 193.<br>2021<\/p>\n\n\n\n<hr class=\"wp-block-separator\"\/>\n\n\n\n<p class=\"has-text-align-center has-medium-font-size\"><span style=\"color:#cf2e2e\" class=\"tadv-color\">2020<\/span><\/p>\n\n\n\n<p>LARBI, S. H., BOURAHLA N., BENCHOUBANE H., CHOUTRI K., BADAOUI M.<br><span style=\"color:#0693e3\" class=\"tadv-color\"><strong>Earthquake Ground Motion Matching on a Small Electric Shaking Table Using a Combined NN-PDFF Controller<\/strong><\/span><br>Shock and Vibration<br>2020<\/p>\n\n\n\n<hr class=\"wp-block-separator\"\/>\n\n\n\n<p class=\"has-text-align-center has-medium-font-size\"><span style=\"color:#cf2e2e\" class=\"tadv-color\">2019<\/span><\/p>\n\n\n\n<p>RAHMANI A. Y., BOURAHLA N., BENTO R., BADAOUI M.<br><span style=\"color:#0693e3\" class=\"tadv-color\"><strong>Adaptive upper-bound pushover analysis for high-rise moment steel frames<\/strong><\/span><br>Structures, 20<br>2019<\/p>\n\n\n\n<p>BADAOUI, M., BOURAHLA, N., BENSAIBI M.<br><span style=\"color:#0693e3\" class=\"tadv-color\"><strong>Estimation of accidental eccentricities for multi-storey buildings using artificial neural networks<\/strong><\/span><br>Asian J Civ Eng<br>2019<br><br>B. Benahmed, A Moustafa, M. Badaoui, <br><strong><span style=\"color:#0693e3\" class=\"tadv-color\">Comparison between DRF for displacement and acceleration spectra with uncertain damping for EC8. <\/span><\/strong><br>Journal of Materials and Engineering Structures \u00ab JMES \u00bb, 6 (2019) 345\u2013358<\/p>\n\n\n\n<hr class=\"wp-block-separator\"\/>\n\n\n\n<p class=\"has-text-align-center has-medium-font-size\"><span style=\"color:#cf2e2e\" class=\"tadv-color\">2018<\/span><\/p>\n\n\n\n<p>NEHAR K.C., HACHI B.K., BADAOUI M., GUESMI M., BENMESSAOUD A.<br><span style=\"color:#0693e3\" class=\"tadv-color\"><strong>The spectral dynamic stress intensity factor.<br><\/strong><\/span>La 1\u00e8re Conf\u00e9rence Internationale sur la vuln\u00e9rabilit\u00e9 et la r\u00e9habilitation des structures, USTHB, Alger.<br>06-07 Mai 2018<\/p>\n\n\n\n<p>NEHAR K.C.<br><span style=\"color:#0693e3\" class=\"tadv-color\"><strong>Syst\u00e8mes hydrauliques et pneumatiques, cours et exercices.<br><\/strong><\/span>\u00c9ditions Universitaires Europ\u00e9ennes, Cat\u00e9gorie : G\u00e9nie m\u00e9canique, technologie de fabrication. p.52. ISBN-13: 978-613-8-41089-8.<br>2018<\/p>\n\n\n\n<p>NEHAR K.C.<br><span style=\"color:#0693e3\" class=\"tadv-color\"><strong>Charpente M\u00e9tallique, cours et exercices.<br><\/strong><\/span>\u00c9ditions Universitaires Europ\u00e9ennes, Cat\u00e9gorie : Technique du b\u00e2timent &amp; d&rsquo;environnement. p.64. ISBN-13: 978-613-8-41881-8.<br>2018<\/p>\n<\/div>\n<\/div>\n","protected":false},"excerpt":{"rendered":"<p>Equipe 4 : DMD | D\u00e9veloppement en Mat\u00e9riaux et Durabilit\u00e9 Chef d\u2019\u00e9quipe: Mohamed BADAOUI Ma\u00eetre de conf\u00e9rences &#8211; MCA badaoui.mohamed@yahoo.fr | +213671707174 Pr\u00e9sentation :Les travaux men\u00e9s par l\u2019\u00e9quipe D\u00e9veloppement en Mat\u00e9riaux et Durabilit\u00e9 (DMD) ont pour objectif de r\u00e9pondre \u00e0 un ensemble de probl\u00e9matiques li\u00e9es \u00e0 l\u2019exploitation des mat\u00e9riaux de la r\u00e9gion. L\u2019axe principal \u00e9tant [&hellip;]<\/p>\n","protected":false},"author":1,"featured_media":0,"parent":0,"menu_order":0,"comment_status":"closed","ping_status":"closed","template":"","meta":{"footnotes":""},"_links":{"self":[{"href":"http:\/\/labo.univ-djelfa.dz\/ldmm\/index.php?rest_route=\/wp\/v2\/pages\/442"}],"collection":[{"href":"http:\/\/labo.univ-djelfa.dz\/ldmm\/index.php?rest_route=\/wp\/v2\/pages"}],"about":[{"href":"http:\/\/labo.univ-djelfa.dz\/ldmm\/index.php?rest_route=\/wp\/v2\/types\/page"}],"author":[{"embeddable":true,"href":"http:\/\/labo.univ-djelfa.dz\/ldmm\/index.php?rest_route=\/wp\/v2\/users\/1"}],"replies":[{"embeddable":true,"href":"http:\/\/labo.univ-djelfa.dz\/ldmm\/index.php?rest_route=%2Fwp%2Fv2%2Fcomments&post=442"}],"version-history":[{"count":7,"href":"http:\/\/labo.univ-djelfa.dz\/ldmm\/index.php?rest_route=\/wp\/v2\/pages\/442\/revisions"}],"predecessor-version":[{"id":465,"href":"http:\/\/labo.univ-djelfa.dz\/ldmm\/index.php?rest_route=\/wp\/v2\/pages\/442\/revisions\/465"}],"wp:attachment":[{"href":"http:\/\/labo.univ-djelfa.dz\/ldmm\/index.php?rest_route=%2Fwp%2Fv2%2Fmedia&parent=442"}],"curies":[{"name":"wp","href":"https:\/\/api.w.org\/{rel}","templated":true}]}}