{"id":427,"date":"2021-10-31T20:16:52","date_gmt":"2021-10-31T20:16:52","guid":{"rendered":"http:\/\/labo.univ-djelfa.dz\/ldmm\/?page_id=427"},"modified":"2021-10-31T21:03:59","modified_gmt":"2021-10-31T21:03:59","slug":"equipe-3-mmfhe-modelisation-en-mecanique-des-fluides-en-hydraulique-et-en-energetique","status":"publish","type":"page","link":"http:\/\/labo.univ-djelfa.dz\/ldmm\/?page_id=427","title":{"rendered":"Equipe 3 : MMFHE"},"content":{"rendered":"\n<p class=\"has-vivid-purple-color has-text-color has-medium-font-size\"><strong>Equipe 3 : MMFHE | Mod\u00e9lisation en M\u00e9canique des Fluides, en Hydraulique et en Energ\u00e9tique<\/strong><\/p>\n\n\n\n<p class=\"has-black-color has-text-color has-medium-font-size\"><strong><u>Chef d\u2019\u00e9quipe:<\/u><\/strong> <span style=\"color:#cf2e2e\" class=\"tadv-color\"><strong>Yahia LASBET<\/strong> <\/span><sup><em><strong>Professeur<\/strong><\/em><\/sup><\/p>\n\n\n\n<p class=\"has-drop-cap has-small-font-size\"><span style=\"color:#9b51e0\" class=\"tadv-color\"><strong><em>Pr\u00e9sentation<\/em><\/strong> :<br><\/span>Les ressources fossiles constituent la principale source d\u2019\u00e9nergie de la plan\u00e8te. Leur consommation croissante, leur caract\u00e8re limit\u00e9 et leur rar\u00e9faction pr\u00e9vue \u00e0 moyen terme ainsi que leur impact non n\u00e9gligeable sur l\u2019environnent ont encourag\u00e9 les recherches sur des \u00e9nergies renouvelables, nouvelles et propres. Malgr\u00e9 sa importante r\u00e9serve en hydrocarbures, et dans le cadre d\u2019une strat\u00e9gie \u00e9conomique durable, l\u2019Alg\u00e9rie donne un grand int\u00e9r\u00eat \u00e0 ce type de pr\u00e9occupation vu qu\u2019elle dispose de ressources naturelles consid\u00e9rables en terme d\u2019\u00e9nergie renouvelable notamment l\u2019\u00e9nergie solaire et \u00e9olienne. Cette \u00e9quipe s\u2019int\u00e9resse \u00e0 cette th\u00e9matique de point de vue conversion d\u2019\u00e9nergie. Il s\u2019agit d\u2019\u00e9tudier les diff\u00e9rents m\u00e9canismes de la gestion thermique au sein des stations de production d\u2019\u00e9nergie afin de trouver les solutions de conception les plus optimales. Le travail dans le cadre de cet axe ne sera pas limit\u00e9 aux \u00e9nergies d\u2019origine naturelle mais il va s\u2019\u00e9tendre \u00e0 celles d\u2019origine chimique telle que la pile \u00e0 combustibles.<\/p>\n\n\n\n<figure class=\"wp-block-table is-style-stripes\"><table class=\"has-very-light-gray-to-cyan-bluish-gray-gradient-background has-background\"><tbody><tr><td>Enseignants chercheurs :<\/td><\/tr><\/tbody><\/table><\/figure>\n\n\n\n<figure class=\"wp-block-table is-style-regular\"><table class=\"has-black-color has-text-color has-background has-fixed-layout\" style=\"background:linear-gradient(135deg,rgb(255,255,255) 0%,rgb(182,227,212) 56%,rgb(240,241,249) 100%)\"><thead><tr><th><span style=\"color:#ffffff\" class=\"tadv-color\"> Prenom et Nom <\/span><\/th><th><span style=\"color:#ffffff\" class=\"tadv-color\"> Grade <\/span><\/th><th><span style=\"color:#ffffff\" class=\"tadv-color\"> Em@il <\/span><\/th><th> <span style=\"color:#ffffff\" class=\"tadv-color\">Tel <\/span><\/th><\/tr><\/thead><tbody><tr><td>Lakhdar AIDAOUI<\/td><td>Ma\u00eetre de conf\u00e9rences MCA <\/td><td><\/td><td><\/td><\/tr><tr><td>Ahmed Lamine BOUKHALKHAL<\/td><td>Ma\u00eetre de conf\u00e9rences MCA <\/td><td><\/td><td><\/td><\/tr><tr><td>Cheikh KEZRANE<\/td><td>Ma\u00eetre de conf\u00e9rences MCA <\/td><td><\/td><td><\/td><\/tr><tr><td>Mustapha MOUSSAOUI<\/td><td>Ma\u00eetre de conf\u00e9rences MCA <\/td><td><\/td><td><\/td><\/tr><tr><td>Youcef KISSMOUNE<\/td><td>Ma\u00eetre de conf\u00e9rences MCA  <\/td><td><\/td><td><\/td><\/tr><\/tbody><\/table><\/figure>\n\n\n\n<figure class=\"wp-block-table is-style-stripes\"><table class=\"has-very-light-gray-to-cyan-bluish-gray-gradient-background has-background\"><tbody><tr><td>Doctorants :<\/td><\/tr><\/tbody><\/table><\/figure>\n\n\n\n<figure class=\"wp-block-table is-style-regular\"><table class=\"has-black-color has-text-color has-background has-fixed-layout\" style=\"background:linear-gradient(135deg,rgb(255,255,255) 0%,rgb(182,227,212) 56%,rgb(240,241,249) 100%)\"><thead><tr><th><span style=\"color:#ffffff\" class=\"tadv-color\"> Prenom et Nom <\/span><\/th><th><span style=\"color:#ffffff\" class=\"tadv-color\"> Em@il <\/span><\/th><th> <span style=\"color:#ffffff\" class=\"tadv-color\">Tel <\/span><\/th><\/tr><\/thead><tbody><tr><td>Ayoub Youcef LAOUID<\/td><td><\/td><td><\/td><\/tr><\/tbody><\/table><\/figure>\n\n\n\n<figure class=\"wp-block-table is-style-stripes\"><table class=\"has-very-light-gray-to-cyan-bluish-gray-gradient-background has-background\"><tbody><tr><td>Projets :<\/td><\/tr><\/tbody><\/table><\/figure>\n\n\n\n<hr class=\"wp-block-separator is-style-default\"\/>\n\n\n\n<p><span style=\"color:#cf2e2e\" class=\"tadv-color\"><strong>Professeur Yahia LASBET<\/strong><\/span><\/p>\n\n\n\n<p><strong>PRFU: <\/strong>Pr\u00e9sident PRFU \u00ab\u00a0Elaboration d&rsquo;un nouveau proc\u00e9d\u00e9 en vue de production continu des \u00e9mulsions (eau\/huile)\u00a0\u00bb. Pr. Lasbet Yahia<\/p>\n\n\n\n<p> <span style=\"color:#cf2e2e\" class=\"tadv-color\"><strong>Dr Lakhdar AIDAOUI<\/strong><\/span><\/p>\n\n\n\n<p><strong>PRFU<\/strong>: <span style=\"color:#0693e3\" class=\"tadv-color\">Etude des ph\u00e9nom\u00e8nes de transfert dans les \u00e9coulements chaotiques en vue d\u2019\u00e9valuation des gains \u00e9nerg\u00e9tiques.<\/span><br>Code de projet : <strong>A11N01UN170120200001<\/strong><br>Projet agr\u00e9\u00e9 : <strong>01\/01\/2020<\/strong><br>Dur\u00e9e du projet : <strong>04 ans<\/strong><\/p>\n\n\n\n<p><strong>CNEPRU:<\/strong> <span style=\"color:#0693e3\" class=\"tadv-color\">Le comportement hydrodynamique, rh\u00e9ologique, thermique et exerg\u00e9tique d\u2019un fluide complexe dans un \u00e9coulement complexe.<\/span><br>Code de projet : <strong>A11N01UN170120150006<\/strong><br>Projet agr\u00e9\u00e9 : <strong>01\/01\/2016<\/strong><br>Dur\u00e9e du projet : <strong>04 ans<\/strong><\/p>\n\n\n\n<figure class=\"wp-block-table is-style-stripes\"><table class=\"has-very-light-gray-to-cyan-bluish-gray-gradient-background has-background\"><tbody><tr><td>Publications :<\/td><\/tr><\/tbody><\/table><\/figure>\n\n\n\n<div class=\"wp-block-columns is-layout-flex wp-container-core-columns-is-layout-1 wp-block-columns-is-layout-flex\">\n<div class=\"wp-block-column is-layout-flow wp-block-column-is-layout-flow\" style=\"flex-basis:100px\">\n<p class=\"has-text-align-center has-medium-font-size\"><\/p>\n\n\n\n<p><\/p>\n\n\n\n<p><\/p>\n\n\n\n<p><\/p>\n\n\n\n<p><\/p>\n\n\n\n<p><\/p>\n\n\n\n<p><\/p>\n\n\n\n<p><\/p>\n\n\n\n<p><\/p>\n\n\n\n<p class=\"has-text-align-center has-medium-font-size\"> <\/p>\n<\/div>\n\n\n\n<div class=\"wp-block-column is-layout-flow wp-block-column-is-layout-flow\" style=\"flex-basis:500px\">\n<p class=\"has-text-align-center has-vivid-red-color has-text-color has-medium-font-size\">2021<\/p>\n\n\n\n<p>YAA Laouid, C Kezrane, Y Lasbet, A Pesyridis<br><span style=\"color:#0693e3\" class=\"tadv-color\"><strong>Towards improvement of waste heat recovery systems: A multi-objective optimization of different organic Rankine cycle configurations<\/strong><br><\/span>International Journal of Thermofluids.<br><\/p>\n\n\n\n<p>K Zitouni, L Aidaoui, Y Lasbet, T Tayebi<\/p>\n\n\n\n<p><span style=\"color:#0693e3\" class=\"tadv-color\"><strong>Toward the heat convection enhancement of nanofluids flowing in a 3D microchannel affected by a nonuniform magnetic field<br>Heat Transfer, 1-23.<\/strong><\/span><br><\/p>\n\n\n\n<p>A Kouadri, E Douroum, Y Lasbet, TT Naas, S Khelladi, M Makhlouf<br><strong><span style=\"color:#0693e3\" class=\"tadv-color\">Comparative study of mixing behaviors using non-Newtonian fluid flows in passive micromixers<\/span><br><\/strong>International Journal of Mechanical Sciences.<br><\/p>\n\n\n\n<p>L Aidaoui, Y Lasbet, F Selimefendigil<br>Effect of simultaneous application of chaotic laminar flow of nanofluid <span style=\"color:#0693e3\" class=\"tadv-color\"><strong>and non-uniform magnetic field on the entropy generation and energetic\/exergetic efficiency<\/strong><\/span><br>Journal of Thermal Analysis and Calorimetry, 1-18.<br><\/p>\n\n\n\n<p>M Telha, M Bachiri, Y Lasbet, TT Naas<br><strong><span style=\"color:#0693e3\" class=\"tadv-color\">Effect of Temporal Modulation on the Local Kinematic Process of Two-Dimensional Chaotic Flow: A Numerical Analysis<br><\/span><\/strong><span style=\"color:#000000\" class=\"tadv-color\">Journal of Applied Fluid Mechanics 14 (1), 187-199<\/span><\/p>\n\n\n\n<p>AL Boukhalkhal, Mohamed El Amine Kadi, Y Lasbet, K Loubar, Sary <span style=\"color:#000000\" class=\"tadv-color\">Awad, M Makhlouf, Mohand Tazerout<\/span><strong><span style=\"color:#0693e3\" class=\"tadv-color\"><br>A continuous biodiesel production process using a chaotic mixer-reactor.<\/span><\/strong><br>Waste and Biomass Valorization<\/p>\n\n\n\n<hr class=\"wp-block-separator\"\/>\n\n\n\n<p class=\"has-text-align-center has-medium-font-size\"><span style=\"color:#cf2e2e\" class=\"tadv-color\">2020<\/span><\/p>\n\n\n\n<p>Lakhdar Aidaoui, Yahia Lasbet, Fatih Selimefendigil<\/p>\n\n\n\n<p><strong><span style=\"color:#0693e3\" class=\"tadv-color\">Improvement of transfer phenomena rates in open chaotic flow of nanofluid under the effect of magnetic field: application of a combined method<\/span><\/strong><br>International Journal of Mechanical Sciences.<br><\/p>\n\n\n\n<p>Toufik T Naas, Yahia Lasbet, Lakhdar Aidaoui, Ahmed L Boukhalkhal, <strong><span style=\"color:#0693e3\" class=\"tadv-color\">Khaled Loubar<br>High performance in terms of thermal mixing of non-Newtonian fluids using open chaotic flow: Numerical investigations<\/span><\/strong><br>Thermal Science and Engineering Progress<br><\/p>\n\n\n\n<p>Lakhdhar Aidaoui, Yahia Lasbet, Harzallah Bendaoud, Ziane Khinech<br><strong><span style=\"color:#0693e3\" class=\"tadv-color\">Numerical investigation of laminar mixed convection flow between two parallel planes in the presence of rotating cylinders<\/span><\/strong><br>Recueil De M\u00e9canique<br><\/p>\n\n\n\n<hr class=\"wp-block-separator\"\/>\n\n\n\n<p class=\"has-text-align-center has-medium-font-size\"><span style=\"color:#cf2e2e\" class=\"tadv-color\">2019<\/span><\/p>\n<\/div>\n<\/div>\n\n\n\n<div class=\"wp-block-columns is-layout-flex wp-container-core-columns-is-layout-2 wp-block-columns-is-layout-flex\">\n<div class=\"wp-block-column is-layout-flow wp-block-column-is-layout-flow\" style=\"flex-basis:100px\">\n<p class=\"has-text-align-center has-medium-font-size\"> <\/p>\n<\/div>\n\n\n\n<div class=\"wp-block-column is-layout-flow wp-block-column-is-layout-flow\" style=\"flex-basis:500px\">\n<p>M. MOUFFOK, L. AIDAOUI, N. ZEMMOURI. <\/p>\n\n\n\n<p><span style=\"color:#0693e3\" class=\"tadv-color\"><strong>Evaluation study of Eenergy performance and conformity to regulations for ordinary and HEP housings: Case study based on measurements at Djelfa City, Algeria. Instrumentation Mesure <\/strong><\/span>Metrologie, vol. 18 No. 2, pp. 171-180. 2019<\/p>\n\n\n\n<p><\/p>\n\n\n\n<hr class=\"wp-block-separator\"\/>\n\n\n\n<p class=\"has-text-align-center has-medium-font-size\"><span style=\"color:#cf2e2e\" class=\"tadv-color\">2017<\/span><\/p>\n\n\n\n<p>M. MOUFFOK, N. ZEMMOURI, L. AIDAOUI, Y. LASBET, A. DE HERDE. <span style=\"color:#0693e3\" class=\"tadv-color\"><strong>Effects of building morphologies on CO2 air pollution. Case study: The vernacular urban fabric, city of Ghardaia (Algeria). <\/strong><\/span><\/p>\n\n\n\n<p>Asian Journal of Civil Engineering, vol. 18, No 1, pp 1-19. January 2017<\/p>\n\n\n\n<hr class=\"wp-block-separator\"\/>\n\n\n\n<p class=\"has-text-align-center has-medium-font-size\"><span style=\"color:#cf2e2e\" class=\"tadv-color\">2016<\/span><\/p>\n\n\n\n<p>L. AIDAOUI, Y. LASBET AND K. LOUBAR. <\/p>\n\n\n\n<p><strong><span style=\"color:#0693e3\" class=\"tadv-color\">Numerical analysis of the parameters governing 3D laminar mixed convection flow in a rectangular channel with imposed wall flux density.<\/span><\/strong><\/p>\n\n\n\n<p> International Journal of Heat and Technology, vol. 34 No. 4, pp. 581-589. 2016<\/p>\n\n\n\n<hr class=\"wp-block-separator\"\/>\n\n\n\n<p class=\"has-text-align-center has-medium-font-size\"><span style=\"color:#cf2e2e\" class=\"tadv-color\">2015<\/span><\/p>\n\n\n\n<p>L. AIDAOUI, A. MAURIZI, A. AZZI. <\/p>\n\n\n\n<p><span style=\"color:#0693e3\" class=\"tadv-color\"><strong>Modelled NO2 tropospheric columns at different resolutions versus OMI satellite data. <\/strong><\/span><\/p>\n\n\n\n<p>Air Qual Atmos and health (Springer), vol. 8, pp. 163-174. 2015<\/p>\n\n\n\n<p><\/p>\n\n\n\n<p>L. AIDAOUI, A.G. TRIANTAFYLLOU, A. AZZI, S.K. GARAS, V.N. MATTHAIOS. <\/p>\n\n\n\n<p class=\"has-vivid-cyan-blue-color has-text-color\"><strong>Elevated stacks\u2019 pollutants\u2019 dispersion and its contributions to photochemical smog formation in a heavily industrialized area. <\/strong><\/p>\n\n\n\n<p>Air Qual Atmos and health (Springer), vol. 8, pp. 213-227. 2015<\/p>\n\n\n\n<hr class=\"wp-block-separator\"\/>\n\n\n\n<p class=\"has-text-align-center has-medium-font-size\"><span style=\"color:#cf2e2e\" class=\"tadv-color\">2014<\/span><\/p>\n\n\n\n<p>V.N. MATTHAIOS, A.G. TRIANTAFYLLOU, L. AIDAOUI. <\/p>\n\n\n\n<p><span style=\"color:#0693e3\" class=\"tadv-color\"><strong>Dispersion aspects of PM10 from point sources in a complex terrain area with a microscale and a mesoscale model during an episode case.<\/strong> <\/span><\/p>\n\n\n\n<p>Fresenius Environmental Bulletin, vol. 23, No. 12. 2014<\/p>\n<\/div>\n<\/div>\n\n\n\n<hr class=\"wp-block-separator\"\/>\n","protected":false},"excerpt":{"rendered":"<p>Equipe 3 : MMFHE | Mod\u00e9lisation en M\u00e9canique des Fluides, en Hydraulique et en Energ\u00e9tique Chef d\u2019\u00e9quipe: Yahia LASBET Professeur Pr\u00e9sentation :Les ressources fossiles constituent la principale source d\u2019\u00e9nergie de la plan\u00e8te. Leur consommation croissante, leur caract\u00e8re limit\u00e9 et leur rar\u00e9faction pr\u00e9vue \u00e0 moyen terme ainsi que leur impact non n\u00e9gligeable sur l\u2019environnent ont encourag\u00e9 [&hellip;]<\/p>\n","protected":false},"author":1,"featured_media":0,"parent":0,"menu_order":0,"comment_status":"closed","ping_status":"closed","template":"","meta":{"footnotes":""},"_links":{"self":[{"href":"http:\/\/labo.univ-djelfa.dz\/ldmm\/index.php?rest_route=\/wp\/v2\/pages\/427"}],"collection":[{"href":"http:\/\/labo.univ-djelfa.dz\/ldmm\/index.php?rest_route=\/wp\/v2\/pages"}],"about":[{"href":"http:\/\/labo.univ-djelfa.dz\/ldmm\/index.php?rest_route=\/wp\/v2\/types\/page"}],"author":[{"embeddable":true,"href":"http:\/\/labo.univ-djelfa.dz\/ldmm\/index.php?rest_route=\/wp\/v2\/users\/1"}],"replies":[{"embeddable":true,"href":"http:\/\/labo.univ-djelfa.dz\/ldmm\/index.php?rest_route=%2Fwp%2Fv2%2Fcomments&post=427"}],"version-history":[{"count":15,"href":"http:\/\/labo.univ-djelfa.dz\/ldmm\/index.php?rest_route=\/wp\/v2\/pages\/427\/revisions"}],"predecessor-version":[{"id":464,"href":"http:\/\/labo.univ-djelfa.dz\/ldmm\/index.php?rest_route=\/wp\/v2\/pages\/427\/revisions\/464"}],"wp:attachment":[{"href":"http:\/\/labo.univ-djelfa.dz\/ldmm\/index.php?rest_route=%2Fwp%2Fv2%2Fmedia&parent=427"}],"curies":[{"name":"wp","href":"https:\/\/api.w.org\/{rel}","templated":true}]}}