{"id":421,"date":"2021-10-31T20:08:07","date_gmt":"2021-10-31T20:08:07","guid":{"rendered":"http:\/\/labo.univ-djelfa.dz\/ldmm\/?page_id=421"},"modified":"2021-10-31T21:03:45","modified_gmt":"2021-10-31T21:03:45","slug":"equipe-2-gmms-geomateriaux-et-modelisation-en-mecanique-des-sol","status":"publish","type":"page","link":"http:\/\/labo.univ-djelfa.dz\/ldmm\/?page_id=421","title":{"rendered":"Equipe 2 : GMMS"},"content":{"rendered":"\n<p class=\"has-vivid-purple-color has-text-color has-medium-font-size\"><strong>Equipe 2 : GMMS | G\u00e9omat\u00e9riaux et Mod\u00e9lisation en M\u00e9canique des Sol<\/strong><\/p>\n\n\n\n<p class=\"has-black-color has-text-color has-medium-font-size\"><strong><u>Chef d\u2019\u00e9quipe:<\/u><\/strong> <span style=\"color:#cf2e2e\" class=\"tadv-color\"><strong>Boubaker BENCHEIKH<\/strong> <\/span><sup><em><strong>Ma\u00eetre de conf\u00e9rences<\/strong><\/em><\/sup> &#8211; <sup><em><strong>MCA<\/strong><\/em><\/sup><\/p>\n\n\n\n<p class=\"has-drop-cap has-small-font-size\"><span style=\"color:#9b51e0\" class=\"tadv-color\"><strong><em>Pr\u00e9sentation<\/em><\/strong> :<br><\/span>Les activit\u00e9s de recherche de cette \u00e9quipe touchent deux grands axes de la Mod\u00e9lisation en G\u00e9omat\u00e9riaux et en M\u00e9canique des Sols. Le premier axe \u00e9tant la Mod\u00e9lisation des comportements des Sols sous chargement Monotones et Cycliques et le deuxi\u00e8me concerne la Mod\u00e9lisation du contact et de l\u2019interaction des Sols avec les Structures. On s\u2019int\u00e9resse dans ces axes de recherche \u00e0 mod\u00e9liser les milieux \u00e9tudi\u00e9s aussi bien physiquement (exp\u00e9rimentalement) que th\u00e9oriquement (d\u00e9veloppement des lois de comportement). Ces travaux de Mod\u00e9lisation vont \u00eatre concr\u00e9tis\u00e9s \u00e0 travers leurs int\u00e9grations dans des codes de calcul bas\u00e9s principalement sur la m\u00e9thode des \u00e9l\u00e9ments finis.<\/p>\n\n\n\n<figure class=\"wp-block-table is-style-stripes\"><table class=\"has-very-light-gray-to-cyan-bluish-gray-gradient-background has-background\"><tbody><tr><td>Enseignants chercheurs :<\/td><\/tr><\/tbody><\/table><\/figure>\n\n\n\n<figure class=\"wp-block-table is-style-regular\"><table class=\"has-black-color has-text-color has-background has-fixed-layout\" style=\"background:linear-gradient(135deg,rgb(255,255,255) 0%,rgb(182,227,212) 56%,rgb(240,241,249) 100%)\"><thead><tr><th><span style=\"color:#ffffff\" class=\"tadv-color\"> Prenom et Nom <\/span><\/th><th> <span style=\"color:#ffffff\" class=\"tadv-color\">Grade <\/span><\/th><th><span style=\"color:#ffffff\" class=\"tadv-color\"> Em@il <\/span><\/th><th> <span style=\"color:#ffffff\" class=\"tadv-color\">Tel <\/span><\/th><\/tr><\/thead><tbody><tr><td>Nafiaa ABDELMADJID<\/td><td>Ma\u00eetre Assistant \u2013 MAA<\/td><td><\/td><td><\/td><\/tr><tr><td>Naas ALLOUT<\/td><td>Ma\u00eetre Assistant \u2013 MAA<\/td><td><\/td><td><\/td><\/tr><tr><td>Boulanoir AZZOUZI<\/td><td>Ma\u00eetre de conf\u00e9rences MCB<\/td><td><\/td><td><\/td><\/tr><tr><td>Abderrahmane GHRIEB<\/td><td>Ma\u00eetre de conf\u00e9rences MCA <\/td><td><\/td><td><\/td><\/tr><tr><td>Youcef KISSMOUNE<\/td><td>Ma\u00eetre Assistant MAA  <\/td><td><\/td><td><\/td><\/tr><\/tbody><\/table><\/figure>\n\n\n\n<figure class=\"wp-block-table is-style-stripes\"><table class=\"has-very-light-gray-to-cyan-bluish-gray-gradient-background has-background\"><tbody><tr><td>Doctorants :<\/td><\/tr><\/tbody><\/table><\/figure>\n\n\n\n<figure class=\"wp-block-table is-style-regular\"><table class=\"has-black-color has-text-color has-background has-fixed-layout\" style=\"background:linear-gradient(135deg,rgb(255,255,255) 0%,rgb(182,227,212) 56%,rgb(240,241,249) 100%)\"><thead><tr><th><span style=\"color:#ffffff\" class=\"tadv-color\"> Prenom et Nom <\/span><\/th><th><span style=\"color:#ffffff\" class=\"tadv-color\"> Em@il <\/span><\/th><th> <span style=\"color:#ffffff\" class=\"tadv-color\">Tel <\/span><\/th><\/tr><\/thead><tbody><tr><td>Hamza BOUHALI<\/td><td><\/td><td><\/td><\/tr><\/tbody><\/table><\/figure>\n\n\n\n<hr class=\"wp-block-separator\"\/>\n\n\n\n<figure class=\"wp-block-table is-style-stripes\"><table class=\"has-very-light-gray-to-cyan-bluish-gray-gradient-background has-background\"><tbody><tr><td>Projets :<\/td><\/tr><\/tbody><\/table><\/figure>\n\n\n\n<p><strong>PRFU: <\/strong>Etude exp\u00e9rimentale et mod\u00e9lisation des G\u00e9o-mat\u00e9riaux sous des sollicitations monotones et cycliques : application au calcul des ouvrages (pieux)<\/p>\n\n\n\n<figure class=\"wp-block-table is-style-stripes\"><table class=\"has-very-light-gray-to-cyan-bluish-gray-gradient-background has-background\"><tbody><tr><td>Publications :<\/td><\/tr><\/tbody><\/table><\/figure>\n\n\n\n<div class=\"wp-block-columns is-layout-flex wp-container-core-columns-is-layout-1 wp-block-columns-is-layout-flex\">\n<div class=\"wp-block-column is-layout-flow wp-block-column-is-layout-flow\" style=\"flex-basis:100px\">\n<p class=\"has-text-align-center has-medium-font-size\"><span style=\"color:#cf2e2e\" class=\"tadv-color\">2019<\/span><\/p>\n<\/div>\n\n\n\n<div class=\"wp-block-column is-layout-flow wp-block-column-is-layout-flow\" style=\"flex-basis:500px\">\n<p>BOULANOUAR A., MITICHE R.<br><strong><span style=\"color:#0693e3\" class=\"tadv-color\">Using Sahara\u2019s dune sand for the construction of double-layered paving systems for roads<\/span><br><\/strong><em>1 st International conference on materials, Envirnment , Mecanical and industrial Systems 2019 , Djelfa University congres francais de mecanique<br>2019 june<\/em><\/p>\n<\/div>\n<\/div>\n\n\n\n<div class=\"wp-block-columns is-layout-flex wp-container-core-columns-is-layout-2 wp-block-columns-is-layout-flex\">\n<div class=\"wp-block-column is-layout-flow wp-block-column-is-layout-flow\" style=\"flex-basis:100px\">\n<p class=\"has-text-align-center has-medium-font-size\"><span style=\"color:#cf2e2e\" class=\"tadv-color\">2018<\/span><\/p>\n<\/div>\n\n\n\n<div class=\"wp-block-column is-layout-flow wp-block-column-is-layout-flow\" style=\"flex-basis:500px\">\n<p> BOULANOUAR A., MITICHE R.<br><strong><span style=\"color:#0693e3\" class=\"tadv-color\">Effects of dune sand on reduction of reflection cracking in double-layered paving systems for roads: a laboratory investigation<\/span><\/strong><br><em>International Journal of Pavement Engineering, vol. 21,2020, p. 887\u2014894.<br>2018 Aug<\/em> <\/p>\n<\/div>\n<\/div>\n\n\n\n<hr class=\"wp-block-separator\"\/>\n","protected":false},"excerpt":{"rendered":"<p>Equipe 2 : GMMS | G\u00e9omat\u00e9riaux et Mod\u00e9lisation en M\u00e9canique des Sol Chef d\u2019\u00e9quipe: Boubaker BENCHEIKH Ma\u00eetre de conf\u00e9rences &#8211; MCA Pr\u00e9sentation :Les activit\u00e9s de recherche de cette \u00e9quipe touchent deux grands axes de la Mod\u00e9lisation en G\u00e9omat\u00e9riaux et en M\u00e9canique des Sols. Le premier axe \u00e9tant la Mod\u00e9lisation des comportements des Sols sous chargement [&hellip;]<\/p>\n","protected":false},"author":1,"featured_media":0,"parent":0,"menu_order":0,"comment_status":"closed","ping_status":"closed","template":"","meta":{"footnotes":""},"_links":{"self":[{"href":"http:\/\/labo.univ-djelfa.dz\/ldmm\/index.php?rest_route=\/wp\/v2\/pages\/421"}],"collection":[{"href":"http:\/\/labo.univ-djelfa.dz\/ldmm\/index.php?rest_route=\/wp\/v2\/pages"}],"about":[{"href":"http:\/\/labo.univ-djelfa.dz\/ldmm\/index.php?rest_route=\/wp\/v2\/types\/page"}],"author":[{"embeddable":true,"href":"http:\/\/labo.univ-djelfa.dz\/ldmm\/index.php?rest_route=\/wp\/v2\/users\/1"}],"replies":[{"embeddable":true,"href":"http:\/\/labo.univ-djelfa.dz\/ldmm\/index.php?rest_route=%2Fwp%2Fv2%2Fcomments&post=421"}],"version-history":[{"count":7,"href":"http:\/\/labo.univ-djelfa.dz\/ldmm\/index.php?rest_route=\/wp\/v2\/pages\/421\/revisions"}],"predecessor-version":[{"id":463,"href":"http:\/\/labo.univ-djelfa.dz\/ldmm\/index.php?rest_route=\/wp\/v2\/pages\/421\/revisions\/463"}],"wp:attachment":[{"href":"http:\/\/labo.univ-djelfa.dz\/ldmm\/index.php?rest_route=%2Fwp%2Fv2%2Fmedia&parent=421"}],"curies":[{"name":"wp","href":"https:\/\/api.w.org\/{rel}","templated":true}]}}