{"id":416,"date":"2021-10-31T20:05:52","date_gmt":"2021-10-31T20:05:52","guid":{"rendered":"http:\/\/labo.univ-djelfa.dz\/ldmm\/?page_id=416"},"modified":"2021-10-31T21:03:19","modified_gmt":"2021-10-31T21:03:19","slug":"equipe-1-mcs-modelisation-en-calcul-de-structures","status":"publish","type":"page","link":"http:\/\/labo.univ-djelfa.dz\/ldmm\/?page_id=416","title":{"rendered":"Equipe 1 : MCS"},"content":{"rendered":"\n<p class=\"has-vivid-purple-color has-text-color has-medium-font-size\"><strong>Equipe 1 : MCS | Mod\u00e9lisation en Calcul de Structures<\/strong><\/p>\n\n\n\n<p class=\"has-black-color has-text-color has-medium-font-size\"><strong><u>Chef d\u2019\u00e9quipe:<\/u><\/strong> <span style=\"color:#cf2e2e\" class=\"tadv-color\"><strong>Brahim El Khalil HACHI<\/strong> <\/span><sup><em><strong>Professeur<\/strong><\/em><\/sup><\/p>\n\n\n\n<p class=\"has-cyan-bluish-gray-color has-text-color has-small-font-size\"><span style=\"color:#709c16\" class=\"tadv-color\">br_khalil@yahoo.fr | +213<\/span><\/p>\n\n\n\n<p class=\"has-drop-cap has-small-font-size\"><span style=\"color:#9b51e0\" class=\"tadv-color\"><strong><em>Pr\u00e9sentation<\/em><\/strong> :<br><\/span>L\u2019activit\u00e9 principale de l\u2019\u00e9quipe \u00e9tant la Mod\u00e9lisation en M\u00e9canique de la rupture et Endommagement traitant la fissuration comme l\u2019un des modes de ruine en m\u00e9canique des solides les plus dangereux. L\u2019apparition de la fissuration dans les structures solides est un danger essentiel \u00e0 prendre en compte lors de leur conception \u00e0 c\u00f4t\u00e9 d\u2019autres modes comme la ruine par d\u00e9formation plastique, flambement, fluage, corrosion \u2026etc. La fissuration prend en compte l\u2019existence de d\u00e9fauts comme des inclusions ou des vides dans le mat\u00e9riau ou encore des zones d\u2019endommagement \u00e0 partir desquels des fissures vont s\u2019initier puis se propager pour parvenir \u00e0 une taille provoquant la ruine de la structure. Dans cet axe de recherche, seules les fissurations quasi-statiques et par fatigue seront consid\u00e9r\u00e9es.<\/p>\n\n\n\n<hr class=\"wp-block-separator\"\/>\n\n\n\n<figure class=\"wp-block-table is-style-stripes\"><table class=\"has-very-light-gray-to-cyan-bluish-gray-gradient-background has-background\"><tbody><tr><td>Enseignants chercheurs :<\/td><\/tr><\/tbody><\/table><\/figure>\n\n\n\n<figure class=\"wp-block-table\"><table class=\"has-black-color has-text-color has-background has-fixed-layout\" style=\"background:linear-gradient(135deg,rgb(255,255,255) 0%,rgb(182,227,212) 56%,rgb(240,241,249) 100%)\"><thead><tr><th><span style=\"color:#ffffff\" class=\"tadv-color\"> Prenom et Nom <\/span><\/th><th> <span style=\"color:#ffffff\" class=\"tadv-color\">Grade <\/span><\/th><th><span style=\"color:#ffffff\" class=\"tadv-color\"> Em@il <\/span><\/th><th> <span style=\"color:#ffffff\" class=\"tadv-color\">Tel <\/span><\/th><\/tr><\/thead><tbody><tr><td>Dahmane Hachi <\/td><td>Ma\u00eetre Assistant \u2013 MAA <\/td><td><\/td><td><\/td><\/tr><tr><td>Mohammed Riad KIRED<\/td><td>Ma\u00eetre de conf\u00e9rences MCB<\/td><td><\/td><td><\/td><\/tr><tr><td>Mustafa MOUSSAOUI<\/td><td>Ma\u00eetre de conf\u00e9rences MCA<\/td><td><\/td><td><\/td><\/tr><tr><td>Hadi TAIBI<\/td><td>Ma\u00eetre de conf\u00e9rences MCA <\/td><td><\/td><td><\/td><\/tr><\/tbody><\/table><\/figure>\n\n\n\n<figure class=\"wp-block-table is-style-stripes\"><table class=\"has-very-light-gray-to-cyan-bluish-gray-gradient-background has-background\"><tbody><tr><td>Doctorants :<\/td><\/tr><\/tbody><\/table><\/figure>\n\n\n\n<figure class=\"wp-block-table is-style-regular\"><table class=\"has-black-color has-text-color has-background has-fixed-layout\" style=\"background:linear-gradient(135deg,rgb(255,255,255) 0%,rgb(182,227,212) 56%,rgb(240,241,249) 100%)\"><thead><tr><th><span style=\"color:#ffffff\" class=\"tadv-color\"> Prenom et Nom <\/span><\/th><th><span style=\"color:#ffffff\" class=\"tadv-color\"> Em@il <\/span><\/th><th> <span style=\"color:#ffffff\" class=\"tadv-color\">Tel <\/span><\/th><\/tr><\/thead><tbody><tr><td>Abdelfattah Elhadj BENKHECHIBA<\/td><td><\/td><td><\/td><\/tr><tr><td>Mehdi BOUDOUH<\/td><td><\/td><td><\/td><\/tr><tr><td>Hamza DJELOUD<\/td><td><\/td><td><\/td><\/tr><tr><td>Souad ZERGOT<\/td><td><\/td><td><\/td><\/tr><\/tbody><\/table><\/figure>\n\n\n\n<hr class=\"wp-block-separator\"\/>\n","protected":false},"excerpt":{"rendered":"<p>Equipe 1 : MCS | Mod\u00e9lisation en Calcul de Structures Chef d\u2019\u00e9quipe: Brahim El Khalil HACHI Professeur br_khalil@yahoo.fr | +213 Pr\u00e9sentation :L\u2019activit\u00e9 principale de l\u2019\u00e9quipe \u00e9tant la Mod\u00e9lisation en M\u00e9canique de la rupture et Endommagement traitant la fissuration comme l\u2019un des modes de ruine en m\u00e9canique des solides les plus dangereux. L\u2019apparition de la fissuration [&hellip;]<\/p>\n","protected":false},"author":1,"featured_media":0,"parent":0,"menu_order":0,"comment_status":"closed","ping_status":"closed","template":"","meta":{"footnotes":""},"_links":{"self":[{"href":"http:\/\/labo.univ-djelfa.dz\/ldmm\/index.php?rest_route=\/wp\/v2\/pages\/416"}],"collection":[{"href":"http:\/\/labo.univ-djelfa.dz\/ldmm\/index.php?rest_route=\/wp\/v2\/pages"}],"about":[{"href":"http:\/\/labo.univ-djelfa.dz\/ldmm\/index.php?rest_route=\/wp\/v2\/types\/page"}],"author":[{"embeddable":true,"href":"http:\/\/labo.univ-djelfa.dz\/ldmm\/index.php?rest_route=\/wp\/v2\/users\/1"}],"replies":[{"embeddable":true,"href":"http:\/\/labo.univ-djelfa.dz\/ldmm\/index.php?rest_route=%2Fwp%2Fv2%2Fcomments&post=416"}],"version-history":[{"count":3,"href":"http:\/\/labo.univ-djelfa.dz\/ldmm\/index.php?rest_route=\/wp\/v2\/pages\/416\/revisions"}],"predecessor-version":[{"id":462,"href":"http:\/\/labo.univ-djelfa.dz\/ldmm\/index.php?rest_route=\/wp\/v2\/pages\/416\/revisions\/462"}],"wp:attachment":[{"href":"http:\/\/labo.univ-djelfa.dz\/ldmm\/index.php?rest_route=%2Fwp%2Fv2%2Fmedia&parent=416"}],"curies":[{"name":"wp","href":"https:\/\/api.w.org\/{rel}","templated":true}]}}