{"id":286,"date":"2021-10-15T20:41:06","date_gmt":"2021-10-15T20:41:06","guid":{"rendered":"http:\/\/labo.univ-djelfa.dz\/ldmm\/?page_id=286"},"modified":"2022-11-05T21:09:02","modified_gmt":"2022-11-05T21:09:02","slug":"286-2","status":"publish","type":"page","link":"http:\/\/labo.univ-djelfa.dz\/ldmm\/","title":{"rendered":"Accueil"},"content":{"rendered":"\n<div class=\"wp-block-media-text alignfull has-media-on-the-right is-stacked-on-mobile is-vertically-aligned-center\" style=\"grid-template-columns:auto 15%\"><div class=\"wp-block-media-text__content\">\n<h3 class=\"has-text-align-center has-text-color wp-block-heading\" style=\"color:#000000\">A<strong>ctualit\u00e9s<\/strong><\/h3>\n\n\n\n<p class=\"has-black-color has-pale-cyan-blue-background-color has-text-color has-background has-small-font-size\"><em>(derni\u00e8re mise-\u00e0-jour le : 05\/11\/2022<\/em>)<\/p>\n\n\n\n<div class=\"wp-block-blockspare-blockspare-list aligncenter blockspare-401f33fa-8233-4 blockspare-block-iconlist-wrap\" blockspare-animation=\"\"><style>.blockspare-401f33fa-8233-4 .blockspare-list-wrap{border-radius:0px;margin-top:30px;margin-right:30px;margin-bottom:30px;margin-left:30px}.blockspare-401f33fa-8233-4 .blockspare-list-wrap .listDescription li{color:#000000;text-align:left;font-size:16px;font-weight:500!important}.blockspare-401f33fa-8233-4 .blockspare-list-wrap .listDescription li:before{color:#404040}.blockspare-401f33fa-8233-4 .listDescription li:before{font-size:14px}@media screen and (max-width:1025px){.blockspare-401f33fa-8233-4 .listDescription li{font-size:14px}.blockspare-401f33fa-8233-4 .listDescription li:before{font-size:14px}}@media screen and (max-width:768px){.blockspare-401f33fa-8233-4 .listDescription li{font-size:12px}.blockspare-401f33fa-8233-4 .listDescription li:before{font-size:14px}}<\/style><div class=\"blockspare-blocks blockspare-list-wrap\"><ul class=\"blockspare-list-square listDescription\"><li>Bienvenue<\/li><\/ul><\/div><\/div>\n\n\n\n<p class=\"has-text-align-center has-extra-small-font-size\"><\/p>\n<\/div><figure class=\"wp-block-media-text__media\"><img decoding=\"async\" src=\"https:\/\/s.w.org\/images\/core\/5.8\/architecture-04.jpg\" alt=\"Vue de pr\u00e8s d\u2019un d\u00e9tail architectural.\"\/><\/figure><\/div>\n\n\n\n<p class=\"has-text-align-center has-light-green-cyan-background-color has-background has-small-font-size\"><strong>Annonce journ\u00e9e d&rsquo;\u00e9tude<\/strong> :<\/p>\n\n\n\n<div class=\"wp-block-columns is-layout-flex wp-container-core-columns-is-layout-1 wp-block-columns-is-layout-flex\">\n<div class=\"wp-block-column is-vertically-aligned-center is-layout-flow wp-block-column-is-layout-flow\" style=\"flex-basis:100%\"><div class=\"wp-block-image\">\n<figure class=\"aligncenter size-full is-resized\"><img loading=\"lazy\" decoding=\"async\" src=\"http:\/\/labo.univ-djelfa.dz\/ldmm\/wp-content\/uploads\/2022\/11\/new-brand-new.gif\" alt=\"\" class=\"wp-image-507\" width=\"59\" height=\"59\"\/><\/figure><\/div><\/div>\n<\/div>\n\n\n\n<p class=\"has-vivid-red-color has-text-color has-medium-font-size\"><strong>1<sup>\u00e8re <\/sup>journ\u00e9e d\u2019\u00e9tude sur la\u00a0Conception et Calcul\u00a0parasismique des b\u00e2timents<\/strong><\/p>\n\n\n\n<p class=\"has-text-align-left\"><a href=\"http:\/\/labo.univ-djelfa.dz\/ldmm\/?p=500\">Voir plus <\/a><a href=\"http:\/\/labo.univ-djelfa.dz\/ldmm\/?page_id=239\">\u2197<\/a><\/p>\n\n\n\n<hr class=\"wp-block-separator has-alpha-channel-opacity\"\/>\n\n\n\n<h2 class=\"wp-block-heading\"><span style=\"color:#000000\" class=\"tadv-color\"><span style=\"background-color:#8ed1fc\" class=\"tadv-background-color\">PROGRAMME D\u2019ACTIVITES SCIENTIFIQUES 2022\/2023 <\/span><\/span><\/h2>\n\n\n\n<p><a href=\"http:\/\/labo.univ-djelfa.dz\/ldmm\/?p=489\">Voir plus <\/a><a href=\"http:\/\/labo.univ-djelfa.dz\/ldmm\/?page_id=239\">\u2197<\/a><\/p>\n\n\n\n<hr class=\"wp-block-separator has-alpha-channel-opacity\"\/>\n\n\n\n<p class=\"has-medium-font-size\"><span style=\"background-color:#7bdcb5\" class=\"tadv-background-color\"><span style=\"color:#cf2e2e\" class=\"tadv-color\">LDMM Researcher AWARD (2022)<\/span><\/span>                 <\/p>\n\n\n\n<p style=\"font-size:15px\"><a href=\"http:\/\/labo.univ-djelfa.dz\/ldmm\/?p=473\">Voir plus <\/a><a href=\"http:\/\/labo.univ-djelfa.dz\/ldmm\/?page_id=239\" data-type=\"URL\" data-id=\"http:\/\/labo.univ-djelfa.dz\/ldmm\/?page_id=239\">\u2197<\/a><\/p>\n\n\n\n<hr class=\"wp-block-separator has-alpha-channel-opacity\"\/>\n\n\n\n<div class=\"wp-block-blockspare-blockspare-container alignfull blockspare-f4ae604f-9947-4\" blockspare-animation=\"\"><style>.blockspare-f4ae604f-9947-4 .blockspare-block-container-wrapper{background-color:#f9f9f9;padding-top:20px;padding-right:0px;padding-bottom:20px;padding-left:0px;margin-top:30px;margin-right:0px;margin-bottom:30px;margin-left:0px;border-radius:null}.blockspare-f4ae604f-9947-4 .blockspare-image-wrap{background-image:}<\/style><div class=\"blockspare-block-container-wrapper\"><div class=\"blockspare-container-background blockspare-image-wrap has-background-opacity-100 has-background-opacity\"><\/div><div class=\"blockspare-container\"><div class=\"blockspare-inner-blocks blockspare-inner-wrapper-blocks\">\n<p class=\"has-drop-cap\"> Le laboratoire de D\u00e9veloppement en M\u00e9canique et Mat\u00e9riaux (LDMM) vise le d\u00e9veloppement dans deux grands vol\u00e9s&nbsp;de la technologie; la m\u00e9canique et les mat\u00e9riaux. Le premier a un lien direct avec les besoins du d\u00e9veloppement du pays puisqu\u2019il entame des th\u00e8mes \u00e0 int\u00e9r\u00eat national tels que le d\u00e9veloppement en construction parasismique et en \u00e9nergies renouvelables. Le deuxi\u00e8me est li\u00e9 aux besoins de d\u00e9veloppement de la r\u00e9gion \u00e0 la valorisation des mat\u00e9riaux locaux. Les deux volets r\u00e9pondent \u00e9galement aux besoins nationaux \u00e0 la recherche fondamentale \u00e0 caract\u00e8re purement scientifique et culturel et aux besoins nationaux \u00e0 la formation des enseignants chercheurs.<\/p>\n\n\n\n<div class=\"wp-block-media-text alignwide is-stacked-on-mobile has-black-color has-very-light-gray-to-cyan-bluish-gray-gradient-background has-text-color has-background\" style=\"grid-template-columns:15% auto\"><figure class=\"wp-block-media-text__media\"><img loading=\"lazy\" decoding=\"async\" width=\"123\" height=\"86\" src=\"http:\/\/labo.univ-djelfa.dz\/ldmm\/wp-content\/uploads\/2021\/10\/ldmm-logo.png\" alt=\"\" class=\"wp-image-224 size-full\"\/><\/figure><div class=\"wp-block-media-text__content\">\n<p class=\"has-luminous-vivid-orange-color has-text-color has-large-font-size\"><em>Equipes LDMM :<\/em><\/p>\n<\/div><\/div>\n<\/div><\/div><\/div><\/div>\n\n\n\n<p>Notre laboratoire est compos\u00e9 de 4 \u00e9quipes interconnect\u00e9es&nbsp;:<\/p>\n\n\n\n<div class=\"wp-block-blockspare-blockspare-buttons blockspare-a9ac43c8-e78b-4 blockspare-block-button-wrap\" blockspare-animation=\"\"><style>.blockspare-a9ac43c8-e78b-4 .blockspare-block-button{text-align:center;margin-top:30px;margin-bottom:30px}.blockspare-a9ac43c8-e78b-4 .blockspare-block-button span{color:#fff;border-width:1px;font-size:16px;font-weight:500}.blockspare-a9ac43c8-e78b-4.wp-block-blockspare-blockspare-buttons .blockspare-block-button .blockspare-button{background-color:#3c1a5b}.blockspare-a9ac43c8-e78b-4.wp-block-blockspare-blockspare-buttons .blockspare-block-button .blockspare-button:visited{background-color:#3c1a5b}.blockspare-a9ac43c8-e78b-4.wp-block-blockspare-blockspare-buttons .blockspare-block-button .blockspare-button:focus{background-color:#3c1a5b}@media screen and (max-width:1025px){.blockspare-a9ac43c8-e78b-4 .blockspare-block-button span{font-size:14px}}@media screen and (max-width:768px){.blockspare-a9ac43c8-e78b-4 .blockspare-block-button span{font-size:12px}}<\/style><div class=\"blockspare-block-button\"><a href=\"http:\/\/labo.univ-djelfa.dz\/ldmm\/?page_id=416\" class=\"blockspare-button blockspare-button-shape-rounded blockspare-button-size-small\"><span> Equipe 1 : Mod\u00e9lisation en Calcul de Structures <\/span><\/a><\/div><\/div>\n\n\n\n<div class=\"wp-block-blockspare-blockspare-buttons blockspare-abf4f7d6-9403-4 blockspare-block-button-wrap\" blockspare-animation=\"\"><style>.blockspare-abf4f7d6-9403-4 .blockspare-block-button{text-align:center;margin-top:30px;margin-bottom:30px}.blockspare-abf4f7d6-9403-4 .blockspare-block-button span{color:#fff;border-width:1px;font-size:16px;font-weight:500}.blockspare-abf4f7d6-9403-4.wp-block-blockspare-blockspare-buttons .blockspare-block-button .blockspare-button{background-color:#3c1a5b}.blockspare-abf4f7d6-9403-4.wp-block-blockspare-blockspare-buttons .blockspare-block-button .blockspare-button:visited{background-color:#3c1a5b}.blockspare-abf4f7d6-9403-4.wp-block-blockspare-blockspare-buttons .blockspare-block-button .blockspare-button:focus{background-color:#3c1a5b}@media screen and (max-width:1025px){.blockspare-abf4f7d6-9403-4 .blockspare-block-button span{font-size:14px}}@media screen and (max-width:768px){.blockspare-abf4f7d6-9403-4 .blockspare-block-button span{font-size:12px}}<\/style><div class=\"blockspare-block-button\"><a href=\"http:\/\/labo.univ-djelfa.dz\/ldmm\/?page_id=421\" class=\"blockspare-button blockspare-button-shape-rounded blockspare-button-size-small\"><span> Equipe 2 : G\u00e9omat\u00e9riaux et Mod\u00e9lisation en M\u00e9canique des Sols <\/span><\/a><\/div><\/div>\n\n\n\n<div class=\"wp-block-blockspare-blockspare-buttons blockspare-3ebd5b46-1576-4 blockspare-block-button-wrap\" blockspare-animation=\"\"><style>.blockspare-3ebd5b46-1576-4 .blockspare-block-button{text-align:center;margin-top:30px;margin-bottom:30px}.blockspare-3ebd5b46-1576-4 .blockspare-block-button span{color:#fff;border-width:1px;font-size:16px;font-weight:500}.blockspare-3ebd5b46-1576-4.wp-block-blockspare-blockspare-buttons .blockspare-block-button .blockspare-button{background-color:#3c1a5b}.blockspare-3ebd5b46-1576-4.wp-block-blockspare-blockspare-buttons .blockspare-block-button .blockspare-button:visited{background-color:#3c1a5b}.blockspare-3ebd5b46-1576-4.wp-block-blockspare-blockspare-buttons .blockspare-block-button .blockspare-button:focus{background-color:#3c1a5b}@media screen and (max-width:1025px){.blockspare-3ebd5b46-1576-4 .blockspare-block-button span{font-size:14px}}@media screen and (max-width:768px){.blockspare-3ebd5b46-1576-4 .blockspare-block-button span{font-size:12px}}<\/style><div class=\"blockspare-block-button\"><a href=\"http:\/\/labo.univ-djelfa.dz\/ldmm\/?page_id=427\" class=\"blockspare-button blockspare-button-shape-rounded blockspare-button-size-small\"><span> Equipe 3: Mod\u00e9lisation en M\u00e9canique des Fluides, en Hydraulique et en Energ\u00e9tique <\/span><\/a><\/div><\/div>\n\n\n\n<div class=\"wp-block-blockspare-blockspare-buttons blockspare-b8d33bd0-e37a-4 blockspare-block-button-wrap\" blockspare-animation=\"\"><style>.blockspare-b8d33bd0-e37a-4 .blockspare-block-button{text-align:center;margin-top:30px;margin-bottom:30px}.blockspare-b8d33bd0-e37a-4 .blockspare-block-button span{color:#fff;border-width:1px;font-size:16px;font-weight:500}.blockspare-b8d33bd0-e37a-4.wp-block-blockspare-blockspare-buttons .blockspare-block-button .blockspare-button{background-color:#3c1a5b}.blockspare-b8d33bd0-e37a-4.wp-block-blockspare-blockspare-buttons .blockspare-block-button .blockspare-button:visited{background-color:#3c1a5b}.blockspare-b8d33bd0-e37a-4.wp-block-blockspare-blockspare-buttons .blockspare-block-button .blockspare-button:focus{background-color:#3c1a5b}@media screen and (max-width:1025px){.blockspare-b8d33bd0-e37a-4 .blockspare-block-button span{font-size:14px}}@media screen and (max-width:768px){.blockspare-b8d33bd0-e37a-4 .blockspare-block-button span{font-size:12px}}<\/style><div class=\"blockspare-block-button\"><a href=\"http:\/\/labo.univ-djelfa.dz\/ldmm\/?page_id=442\" class=\"blockspare-button blockspare-button-shape-rounded blockspare-button-size-small\"><span> Equipe 4: D\u00e9veloppement en Mat\u00e9riaux et Durabilit\u00e9 <\/span><\/a><\/div><\/div>\n\n\n\n<div class=\"wp-block-blockspare-shape-divider alignfull blockspare-5f16ab4b-e2ce-4\" blockspare-animation=\"\"><style>.blockspare-5f16ab4b-e2ce-4 .blockspare-svg-wrapper{color:#0693e3;height:102px;padding-top:0px;padding-right:0px;padding-bottom:0px;padding-left:0px;margin-top:-42px;margin-right:0px;margin-bottom:2px;margin-left:0px}<\/style><div class=\"blockspare-blocks blockspare-svg-wrapper is-horizontally-flipped has-width-1\"><div class=\"blockspare-svg-svg-inner blockspare-separator-wrapper\"><svg class=\"double-wave\" preserveAspectRatio=\"none\" aria-hidden=\"true\" xmlns=\"http:\/\/www.w3.org\/2000\/svg\" viewBox=\"0 0 1946 175\"><path class=\"st0\" d=\"M-.5 27.7v146.8h1946V10.7s-170.6 20.4-265 57.2c0 0-374.1 116.7-794.2 24.7 0 0-414.1-100.9-673.1-92-.1 0-102.9 5.2-213.7 27.1z\"><\/path><path class=\"st1\" d=\"M1945.5 69.9s-425.5-100-888 20.5c0 0-342.6 63.3-611.4 43.8 0 0-224.9-40.3-446.6-84.4V174h1946V69.9z\"><\/path><path d=\"M-.5 88s425.5-100 888 20.5c0 0 342.6 63.3 611.4 43.8 0 0 224.9-20.2 446.6-64.3v87H-.5V88z\"><\/path><\/svg><\/div><\/div><\/div>\n\n\n\n<p class=\"has-text-align-center has-white-color has-text-color has-background has-medium-font-size\" style=\"background-color:#832da5\"><strong>L\u2019effectif actuel est de :<\/strong><\/p>\n\n\n\n<div class=\"wp-block-columns is-layout-flex wp-container-core-columns-is-layout-3 wp-block-columns-is-layout-flex\">\n<div class=\"wp-block-column is-layout-flow wp-block-column-is-layout-flow\" style=\"flex-basis:100%\">\n<div class=\"wp-block-columns is-layout-flex wp-container-core-columns-is-layout-2 wp-block-columns-is-layout-flex\">\n<div class=\"wp-block-column is-layout-flow wp-block-column-is-layout-flow\" style=\"flex-basis:100%\">\n<div class=\"wp-block-blockspare-blockspare-counter aligncenter blockspare-a77927bb-51f4-4\" blockspare-animation=\"\"><style>.blockspare-a77927bb-51f4-4 .blockspare-counter-wrapper{background-color:#fff;text-align:center;padding-top:20px;padding-right:20px;padding-bottom:20px;padding-left:20px;margin-top:30px;margin-right:0px;margin-bottom:30px;margin-left:0px;border-radius:null}.blockspare-a77927bb-51f4-4 .blockspare-counter-wrapper .blockspare-block-icon{background-color:#8b249c;border-color:#000;color:#fff;border-radius:50%}.blockspare-a77927bb-51f4-4 .blockspare-counter{font-size:32px;color:#000}.blockspare-a77927bb-51f4-4 .blockspare-section-head-wrap{background-color:transparent;text-align:center;margin-top:5px;margin-right:30px;margin-bottom:5px;margin-left:30px}.blockspare-a77927bb-51f4-4 .blockspare-section-head-wrap .blockspare-title{color:#000;font-size:32px;font-weight:500;padding-top:0px;padding-right:0px;padding-bottom:0px;padding-left:0px}.blockspare-a77927bb-51f4-4 .blockspare-section-head-wrap .blockspare-subtitle{color:#000;font-size:18px;font-weight:500;padding-top:0px;padding-right:0px;padding-bottom:0px;padding-left:0px}.blockspare-a77927bb-51f4-4 .blockspare-title-dash{color:#8b249c}.blockspare-a77927bb-51f4-4 ..blockspare-block-icon{background-color:#8b249c;border-color:#000;color:#fff;border-radius:50%}@media screen and (max-width:1025px){.blockspare-a77927bb-51f4-4 .blockspare-section-head-wrap .blockspare-title{font-size:26px}.blockspare-a77927bb-51f4-4 .blockspare-section-head-wrap .blockspare-subtitle{font-size:16px}.blockspare-a77927bb-51f4-4 .blockspare-counter{font-size:undefinedpx}}@media screen and (max-width:768px){.blockspare-a77927bb-51f4-4 .blockspare-section-head-wrap .blockspare-title{font-size:20px}.blockspare-a77927bb-51f4-4 .blockspare-section-head-wrap .blockspare-subtitle{font-size:14px}.blockspare-a77927bb-51f4-4 .blockspare-counter{font-size:undefinedpx}}<\/style><div class=\"blockspare-counter-wrapper blockspare-blocks blockspare-section-counter-bar\"><div class=\"blockspare-counter-section\"><div class=\"blockspare-counters-item blockspare-layout1\"><div class=\"blockspare-block-icon-wrapper\"><div class=\"blockspare-block-icon blockspare-icon-size-small blockspare-icon-style2\"><i class=\"fas fa-chart-line\"><\/i><\/div><\/div><div class=\"blockspare-counters\"><div class=\"blockspare-section-header-wrapper blockspare-blocks aligncenter\"><div class=\"blockspare-section-head-wrap blockspare-style2 blockspare-center\"><div class=\"blockspare-title-wrapper\"><span class=\"blockspare-title-dash blockspare-upper-dash\"><\/span><h2 class=\"blockspare-title\">Enseignats chercheurs<\/h2><span class=\"blockspare-title-dash blockspare-lower-dash\"><\/span><\/div><div class=\"blockspare-subtitle-wrapper\"><span class=\"blockspare-title-dash blockspare-upper-dash\"><\/span><span class=\"blockspare-title-dash blockspare-lower-dash\"><\/span><\/div><\/div><\/div><\/div><p class=\"blockspare-counter\">20<\/p><\/div><\/div><\/div><\/div>\n\n\n\n<div class=\"wp-block-blockspare-blockspare-counter aligncenter blockspare-82e4f963-27e4-4\" blockspare-animation=\"\"><style>.blockspare-82e4f963-27e4-4 .blockspare-counter-wrapper{background-color:#fff;text-align:center;padding-top:20px;padding-right:20px;padding-bottom:20px;padding-left:20px;margin-top:30px;margin-right:0px;margin-bottom:30px;margin-left:0px;border-radius:null}.blockspare-82e4f963-27e4-4 .blockspare-counter-wrapper .blockspare-block-icon{background-color:#8b249c;border-color:#000;color:#fff;border-radius:50%}.blockspare-82e4f963-27e4-4 .blockspare-counter{font-size:32px;color:#000}.blockspare-82e4f963-27e4-4 .blockspare-section-head-wrap{background-color:transparent;text-align:center;margin-top:5px;margin-right:30px;margin-bottom:5px;margin-left:30px}.blockspare-82e4f963-27e4-4 .blockspare-section-head-wrap .blockspare-title{color:#000000;font-size:32px;font-weight:500;padding-top:0px;padding-right:0px;padding-bottom:0px;padding-left:0px}.blockspare-82e4f963-27e4-4 .blockspare-section-head-wrap .blockspare-subtitle{color:#000;font-size:18px;font-weight:500;padding-top:0px;padding-right:0px;padding-bottom:0px;padding-left:0px}.blockspare-82e4f963-27e4-4 .blockspare-title-dash{color:#8b249c}.blockspare-82e4f963-27e4-4 ..blockspare-block-icon{background-color:#8b249c;border-color:#000;color:#fff;border-radius:50%}@media screen and (max-width:1025px){.blockspare-82e4f963-27e4-4 .blockspare-section-head-wrap .blockspare-title{font-size:26px}.blockspare-82e4f963-27e4-4 .blockspare-section-head-wrap .blockspare-subtitle{font-size:16px}.blockspare-82e4f963-27e4-4 .blockspare-counter{font-size:undefinedpx}}@media screen and (max-width:768px){.blockspare-82e4f963-27e4-4 .blockspare-section-head-wrap .blockspare-title{font-size:20px}.blockspare-82e4f963-27e4-4 .blockspare-section-head-wrap .blockspare-subtitle{font-size:14px}.blockspare-82e4f963-27e4-4 .blockspare-counter{font-size:undefinedpx}}<\/style><div class=\"blockspare-counter-wrapper blockspare-blocks blockspare-section-counter-bar\"><div class=\"blockspare-counter-section\"><div class=\"blockspare-counters-item blockspare-layout1\"><div class=\"blockspare-block-icon-wrapper\"><div class=\"blockspare-block-icon blockspare-icon-size-small blockspare-icon-style2\"><i class=\"fas fa-chart-line\"><\/i><\/div><\/div><div class=\"blockspare-counters\"><div class=\"blockspare-section-header-wrapper blockspare-blocks aligncenter\"><div class=\"blockspare-section-head-wrap blockspare-style2 blockspare-center\"><div class=\"blockspare-title-wrapper\"><span class=\"blockspare-title-dash blockspare-upper-dash\"><\/span><h2 class=\"blockspare-title\">Doctorants<\/h2><span class=\"blockspare-title-dash blockspare-lower-dash\"><\/span><\/div><div class=\"blockspare-subtitle-wrapper\"><span class=\"blockspare-title-dash blockspare-upper-dash\"><\/span><span class=\"blockspare-title-dash blockspare-lower-dash\"><\/span><\/div><\/div><\/div><\/div><p class=\"blockspare-counter\">57<\/p><\/div><\/div><\/div><\/div>\n<\/div>\n<\/div>\n<\/div>\n<\/div>\n\n\n\n<hr class=\"wp-block-separator has-text-color has-luminous-vivid-orange-color has-css-opacity has-luminous-vivid-orange-background-color has-background is-style-wide\"\/>\n\n\n\n<hr class=\"wp-block-separator has-text-color has-luminous-vivid-orange-color has-css-opacity has-luminous-vivid-orange-background-color has-background is-style-dots\"\/>\n\n\n\n<div class=\"wp-block-columns is-layout-flex wp-container-core-columns-is-layout-4 wp-block-columns-is-layout-flex\">\n<div class=\"wp-block-column is-layout-flow wp-block-column-is-layout-flow\" style=\"flex-basis:25%\">\n<figure class=\"wp-block-image size-full is-resized is-style-default\"><img loading=\"lazy\" decoding=\"async\" src=\"http:\/\/labo.univ-djelfa.dz\/ldmm\/wp-content\/uploads\/2021\/10\/location_icon.png\" alt=\"\" class=\"wp-image-350\" width=\"131\" height=\"131\" srcset=\"http:\/\/labo.univ-djelfa.dz\/ldmm\/wp-content\/uploads\/2021\/10\/location_icon.png 600w, http:\/\/labo.univ-djelfa.dz\/ldmm\/wp-content\/uploads\/2021\/10\/location_icon-300x300.png 300w, http:\/\/labo.univ-djelfa.dz\/ldmm\/wp-content\/uploads\/2021\/10\/location_icon-150x150.png 150w\" sizes=\"(max-width: 131px) 100vw, 131px\" \/><\/figure>\n\n\n\n<p> <\/p>\n<\/div>\n\n\n\n<div class=\"wp-block-column is-layout-flow wp-block-column-is-layout-flow\" style=\"flex-basis:50%\">\n<p class=\"has-medium-font-size\"><strong><span class=\"has-inline-color has-vivid-red-color\">Acc\u00e8s<\/span><\/strong><\/p>\n\n\n\n<p>Bloc de recherche B, \u00e9tage RDC sur la droite<\/p>\n\n\n\n<p>Universit\u00e9 Ziane Achour Djelfa<\/p>\n\n\n\n<p>BP 3117 Djelfa \u2013 Alg\u00e9rie<\/p>\n\n\n\n<p>T\u00e9l: 027 92 91 58<\/p>\n\n\n\n<p class=\"has-background\" style=\"background-color:#cadee7\">Mail :  <strong><em>laboldmm@gmail.com<\/em><\/strong> <\/p>\n<\/div>\n\n\n\n<div class=\"wp-block-column is-layout-flow wp-block-column-is-layout-flow\" style=\"flex-basis:25%\"><\/div>\n<\/div>\n\n\n\n<p><\/p>\n","protected":false},"excerpt":{"rendered":"<p>Annonce journ\u00e9e d&rsquo;\u00e9tude : 1\u00e8re journ\u00e9e d\u2019\u00e9tude sur la\u00a0Conception et Calcul\u00a0parasismique des b\u00e2timents Voir plus \u2197 PROGRAMME D\u2019ACTIVITES SCIENTIFIQUES 2022\/2023 Voir plus \u2197 LDMM Researcher AWARD (2022) Voir plus \u2197 Notre laboratoire est compos\u00e9 de 4 \u00e9quipes interconnect\u00e9es&nbsp;: L\u2019effectif actuel est de : Acc\u00e8s Bloc de recherche B, \u00e9tage RDC sur la droite Universit\u00e9 Ziane [&hellip;]<\/p>\n","protected":false},"author":1,"featured_media":0,"parent":0,"menu_order":0,"comment_status":"closed","ping_status":"closed","template":"","meta":{"footnotes":""},"_links":{"self":[{"href":"http:\/\/labo.univ-djelfa.dz\/ldmm\/index.php?rest_route=\/wp\/v2\/pages\/286"}],"collection":[{"href":"http:\/\/labo.univ-djelfa.dz\/ldmm\/index.php?rest_route=\/wp\/v2\/pages"}],"about":[{"href":"http:\/\/labo.univ-djelfa.dz\/ldmm\/index.php?rest_route=\/wp\/v2\/types\/page"}],"author":[{"embeddable":true,"href":"http:\/\/labo.univ-djelfa.dz\/ldmm\/index.php?rest_route=\/wp\/v2\/users\/1"}],"replies":[{"embeddable":true,"href":"http:\/\/labo.univ-djelfa.dz\/ldmm\/index.php?rest_route=%2Fwp%2Fv2%2Fcomments&post=286"}],"version-history":[{"count":91,"href":"http:\/\/labo.univ-djelfa.dz\/ldmm\/index.php?rest_route=\/wp\/v2\/pages\/286\/revisions"}],"predecessor-version":[{"id":509,"href":"http:\/\/labo.univ-djelfa.dz\/ldmm\/index.php?rest_route=\/wp\/v2\/pages\/286\/revisions\/509"}],"wp:attachment":[{"href":"http:\/\/labo.univ-djelfa.dz\/ldmm\/index.php?rest_route=%2Fwp%2Fv2%2Fmedia&parent=286"}],"curies":[{"name":"wp","href":"https:\/\/api.w.org\/{rel}","templated":true}]}}